{"id":85,"date":"2025-06-08T22:39:29","date_gmt":"2025-06-08T20:39:29","guid":{"rendered":"http:\/\/psychologue-marville.com\/?page_id=85"},"modified":"2026-02-06T22:41:45","modified_gmt":"2026-02-06T21:41:45","slug":"psychologue-du-travail","status":"publish","type":"page","link":"https:\/\/psychologue-marville.com\/index.php\/psychologue-du-travail\/","title":{"rendered":"Psychologie du travail et des organisations"},"content":{"rendered":"\n<h3 class=\"wp-block-heading\">Champs dans les lesquels nous intervenons<\/h3>\n\n\n\n<p>Nous intervenons dans la pr\u00e9vention des risques psychosociaux, l\u2019am\u00e9lioration des conditions de travail et la qualit\u00e9 de vie au travail. Nous accompagnons les individus dans l\u2019orientation, l\u2019insertion et l\u2019\u00e9volution professionnelle. Nous participons au recrutement, \u00e0 l\u2019\u00e9valuation des comp\u00e9tences et au d\u00e9veloppement des talents. Nous conseillons les organisations lors des changements, conflits, r\u00e9organisations, et contribuons \u00e0 la performance collective et au bien-\u00eatre des salari\u00e9s. Nous analysons aussi les dynamiques d\u2019\u00e9quipe et soutient le dialogue social durable en entreprise.<\/p>\n\n\n\n<div class=\"wp-block-columns encadrements is-layout-flex wp-container-core-columns-is-layout-28f84493 wp-block-columns-is-layout-flex\">\n<div class=\"wp-block-column illustration-encadrements is-layout-flow wp-block-column-is-layout-flow\">\n<figure class=\"wp-block-image size-large\"><img loading=\"lazy\" decoding=\"async\" width=\"1024\" height=\"1024\" src=\"https:\/\/psychologue-marville.com\/wp-content\/uploads\/2025\/10\/woman-9815143_1280-1-1024x1024.png\" alt=\"\" class=\"wp-image-856\" srcset=\"https:\/\/psychologue-marville.com\/wp-content\/uploads\/2025\/10\/woman-9815143_1280-1-1024x1024.png 1024w, https:\/\/psychologue-marville.com\/wp-content\/uploads\/2025\/10\/woman-9815143_1280-1-300x300.png 300w, https:\/\/psychologue-marville.com\/wp-content\/uploads\/2025\/10\/woman-9815143_1280-1-150x150.png 150w, https:\/\/psychologue-marville.com\/wp-content\/uploads\/2025\/10\/woman-9815143_1280-1-768x768.png 768w, https:\/\/psychologue-marville.com\/wp-content\/uploads\/2025\/10\/woman-9815143_1280-1.png 1280w\" sizes=\"auto, (max-width: 1024px) 100vw, 1024px\" \/><\/figure>\n<\/div>\n\n\n\n<div class=\"wp-block-column cadre-encadrements is-layout-flow wp-block-column-is-layout-flow\">\n<figure class=\"wp-block-image size-full logo-encadrements\"><img loading=\"lazy\" decoding=\"async\" width=\"1024\" height=\"1024\" src=\"https:\/\/psychologue-marville.com\/wp-content\/uploads\/2025\/07\/Qualite-de-vie-au-travail.png\" alt=\"\" class=\"wp-image-701\" srcset=\"https:\/\/psychologue-marville.com\/wp-content\/uploads\/2025\/07\/Qualite-de-vie-au-travail.png 1024w, https:\/\/psychologue-marville.com\/wp-content\/uploads\/2025\/07\/Qualite-de-vie-au-travail-300x300.png 300w, https:\/\/psychologue-marville.com\/wp-content\/uploads\/2025\/07\/Qualite-de-vie-au-travail-150x150.png 150w, https:\/\/psychologue-marville.com\/wp-content\/uploads\/2025\/07\/Qualite-de-vie-au-travail-768x768.png 768w\" sizes=\"auto, (max-width: 1024px) 100vw, 1024px\" \/><\/figure>\n\n\n\n<h2 class=\"wp-block-heading\"><a href=\"https:\/\/psychologue-marville.com\/index.php\/767-2\/\" data-type=\"page\" data-id=\"767\"><strong>Qualit\u00e9 de vie au travail (QVT)<\/strong><\/a><\/h2>\n\n\n\n<p>La qualit\u00e9 de vie au travail (QVT) est devenue un enjeu central pour les organisations, dans un contexte marqu\u00e9 par des transformations profondes du monde professionnel<\/p>\n<\/div>\n\n\n\n<div class=\"wp-block-column cadre-encadrements is-layout-flow wp-block-column-is-layout-flow\">\n<figure class=\"wp-block-image size-full logo-encadrements\"><img loading=\"lazy\" decoding=\"async\" width=\"50\" height=\"50\" src=\"https:\/\/psychologue-marville.com\/wp-content\/uploads\/2025\/07\/icons8-sante-mentale-502.png\" alt=\"\" class=\"wp-image-688\"\/><\/figure>\n\n\n\n<h2 class=\"wp-block-heading\"><a href=\"https:\/\/psychologue-marville.com\/index.php\/prevention-des-risques-psychosociaux-rps\/\" data-type=\"page\" data-id=\"661\"><strong>Pr\u00e9vention des risques psychosociaux (RPS)<\/strong><\/a><\/h2>\n\n\n\n<p>La pr\u00e9vention des risques psychosociaux (RPS) constitue un enjeu majeur pour les organisations contemporaines, tant en mati\u00e8re de sant\u00e9 au travail que de performance globale.<\/p>\n<\/div>\n<\/div>\n\n\n\n<div class=\"wp-block-columns encadrements is-layout-flex wp-container-core-columns-is-layout-28f84493 wp-block-columns-is-layout-flex\">\n<div class=\"wp-block-column cadre-encadrements is-layout-flow wp-block-column-is-layout-flow\">\n<figure class=\"wp-block-image size-full logo-encadrements\"><img loading=\"lazy\" decoding=\"async\" width=\"700\" height=\"700\" src=\"https:\/\/psychologue-marville.com\/wp-content\/uploads\/2025\/07\/icone_sante_securite-1.png\" alt=\"\" class=\"wp-image-694\" srcset=\"https:\/\/psychologue-marville.com\/wp-content\/uploads\/2025\/07\/icone_sante_securite-1.png 700w, https:\/\/psychologue-marville.com\/wp-content\/uploads\/2025\/07\/icone_sante_securite-1-300x300.png 300w, https:\/\/psychologue-marville.com\/wp-content\/uploads\/2025\/07\/icone_sante_securite-1-150x150.png 150w\" sizes=\"auto, (max-width: 700px) 100vw, 700px\" \/><\/figure>\n\n\n\n<h2 class=\"wp-block-heading\"><a href=\"https:\/\/psychologue-marville.com\/index.php\/sante-au-travail\/\" data-type=\"page\" data-id=\"657\"><strong>Sant\u00e9 au travail<\/strong><\/a><\/h2>\n\n\n\n<p>La sant\u00e9 au travail vise \u00e0 pr\u00e9server le bien-\u00eatre physique, mental et social des travailleurs tout au long de leur activit\u00e9 professionnelle.<\/p>\n<\/div>\n\n\n\n<div class=\"wp-block-column cadre-encadrements is-layout-flow wp-block-column-is-layout-flow\">\n<figure class=\"wp-block-image size-full logo-encadrements\"><img loading=\"lazy\" decoding=\"async\" width=\"500\" height=\"500\" src=\"https:\/\/psychologue-marville.com\/wp-content\/uploads\/2025\/07\/Clinique_de_l_usage-removebg-preview.png\" alt=\"\" class=\"wp-image-709\" srcset=\"https:\/\/psychologue-marville.com\/wp-content\/uploads\/2025\/07\/Clinique_de_l_usage-removebg-preview.png 500w, https:\/\/psychologue-marville.com\/wp-content\/uploads\/2025\/07\/Clinique_de_l_usage-removebg-preview-300x300.png 300w, https:\/\/psychologue-marville.com\/wp-content\/uploads\/2025\/07\/Clinique_de_l_usage-removebg-preview-150x150.png 150w\" sizes=\"auto, (max-width: 500px) 100vw, 500px\" \/><\/figure>\n\n\n\n<h2 class=\"wp-block-heading\"><a href=\"https:\/\/psychologue-marville.com\/index.php\/clinique-de-lusage\/\" data-type=\"page\" data-id=\"667\"><strong>Clinique de l&rsquo;usage<\/strong><\/a><\/h2>\n\n\n\n<p>Incidences des co\u00fbts psychiques, psychosociaux, cognitifs et \u00e9motionnels \u00e0 l\u2019usage des nouvelles technologies de l\u2019information et de la communication.<\/p>\n<\/div>\n\n\n\n<div class=\"wp-block-column is-vertically-aligned-center illustration-encadrements is-layout-flow wp-block-column-is-layout-flow\">\n<figure class=\"wp-block-image size-large\"><img loading=\"lazy\" decoding=\"async\" width=\"1024\" height=\"1024\" src=\"https:\/\/psychologue-marville.com\/wp-content\/uploads\/2025\/10\/questions-1922477_1280-1-1-1024x1024.png\" alt=\"\" class=\"wp-image-873\" srcset=\"https:\/\/psychologue-marville.com\/wp-content\/uploads\/2025\/10\/questions-1922477_1280-1-1-1024x1024.png 1024w, https:\/\/psychologue-marville.com\/wp-content\/uploads\/2025\/10\/questions-1922477_1280-1-1-300x300.png 300w, https:\/\/psychologue-marville.com\/wp-content\/uploads\/2025\/10\/questions-1922477_1280-1-1-150x150.png 150w, https:\/\/psychologue-marville.com\/wp-content\/uploads\/2025\/10\/questions-1922477_1280-1-1-768x768.png 768w, https:\/\/psychologue-marville.com\/wp-content\/uploads\/2025\/10\/questions-1922477_1280-1-1.png 1280w\" sizes=\"auto, (max-width: 1024px) 100vw, 1024px\" \/><\/figure>\n<\/div>\n<\/div>\n\n\n\n<div class=\"wp-block-columns encadrements is-layout-flex wp-container-core-columns-is-layout-28f84493 wp-block-columns-is-layout-flex\">\n<div class=\"wp-block-column is-vertically-aligned-center illustration-encadrements is-layout-flow wp-block-column-is-layout-flow\">\n<figure class=\"wp-block-image aligncenter size-large is-resized is-style-rounded is-style-rounded--1\"><img loading=\"lazy\" decoding=\"async\" width=\"682\" height=\"1024\" src=\"https:\/\/psychologue-marville.com\/wp-content\/uploads\/2025\/10\/extreme-1355949_1280-682x1024.jpg\" alt=\"\" class=\"wp-image-797\" style=\"box-shadow:var(--wp--preset--shadow--natural);width:auto;height:330px\" srcset=\"https:\/\/psychologue-marville.com\/wp-content\/uploads\/2025\/10\/extreme-1355949_1280-682x1024.jpg 682w, https:\/\/psychologue-marville.com\/wp-content\/uploads\/2025\/10\/extreme-1355949_1280-200x300.jpg 200w, https:\/\/psychologue-marville.com\/wp-content\/uploads\/2025\/10\/extreme-1355949_1280-768x1152.jpg 768w, https:\/\/psychologue-marville.com\/wp-content\/uploads\/2025\/10\/extreme-1355949_1280.jpg 853w\" sizes=\"auto, (max-width: 682px) 100vw, 682px\" \/><\/figure>\n<\/div>\n\n\n\n<div class=\"wp-block-column cadre-encadrements is-layout-flow wp-block-column-is-layout-flow\">\n<figure class=\"wp-block-image size-full logo-encadrements\"><img loading=\"lazy\" decoding=\"async\" width=\"1024\" height=\"1024\" src=\"https:\/\/psychologue-marville.com\/wp-content\/uploads\/2025\/07\/Intervention-aupres-des-organisations.png\" alt=\"\" class=\"wp-image-711\" srcset=\"https:\/\/psychologue-marville.com\/wp-content\/uploads\/2025\/07\/Intervention-aupres-des-organisations.png 1024w, https:\/\/psychologue-marville.com\/wp-content\/uploads\/2025\/07\/Intervention-aupres-des-organisations-300x300.png 300w, https:\/\/psychologue-marville.com\/wp-content\/uploads\/2025\/07\/Intervention-aupres-des-organisations-150x150.png 150w, https:\/\/psychologue-marville.com\/wp-content\/uploads\/2025\/07\/Intervention-aupres-des-organisations-768x768.png 768w\" sizes=\"auto, (max-width: 1024px) 100vw, 1024px\" \/><\/figure>\n\n\n\n<h2 class=\"wp-block-heading\"><a href=\"https:\/\/psychologue-marville.com\/index.php\/intervention-aupres-des-organisations\/\" data-type=\"page\" data-id=\"680\"><strong>Intervention aupr\u00e8s des organisations<\/strong><\/a><\/h2>\n\n\n\n<p>L\u2019intervention aupr\u00e8s des organisations constitue un axe central du travail des psychologues du travail. Elle vise \u00e0 accompagner les entreprises, institutions et associations dans l\u2019am\u00e9lioration du fonctionnement collectif<\/p>\n<\/div>\n\n\n\n<div class=\"wp-block-column cadre-encadrements is-layout-flow wp-block-column-is-layout-flow\">\n<figure class=\"wp-block-image size-full logo-encadrements\"><img loading=\"lazy\" decoding=\"async\" width=\"1024\" height=\"1024\" src=\"https:\/\/psychologue-marville.com\/wp-content\/uploads\/2025\/07\/psychodynamique-du-travail.png\" alt=\"\" class=\"wp-image-699\" srcset=\"https:\/\/psychologue-marville.com\/wp-content\/uploads\/2025\/07\/psychodynamique-du-travail.png 1024w, https:\/\/psychologue-marville.com\/wp-content\/uploads\/2025\/07\/psychodynamique-du-travail-300x300.png 300w, https:\/\/psychologue-marville.com\/wp-content\/uploads\/2025\/07\/psychodynamique-du-travail-150x150.png 150w, https:\/\/psychologue-marville.com\/wp-content\/uploads\/2025\/07\/psychodynamique-du-travail-768x768.png 768w\" sizes=\"auto, (max-width: 1024px) 100vw, 1024px\" \/><\/figure>\n\n\n\n<h2 class=\"wp-block-heading\"><a href=\"https:\/\/psychologue-marville.com\/index.php\/psychodynamique-du-travail\/\" data-type=\"page\" data-id=\"645\"><strong>Psychodynamique du travail<\/strong><\/a><\/h2>\n\n\n\n<p>La psychodynamique du travail est une discipline interdisciplinaire d\u00e9velopp\u00e9e \u00e0 la fin des ann\u00e9es 1970, qui analyse le rapport entre sant\u00e9 mentale et organisation du travail. Elle se fonde sur une approche issue de la psychanalyse freudienne<\/p>\n<\/div>\n<\/div>\n\n\n\n<style>\n.psy_btn a{\nfont-weight: bold;\n}\n<\/style>\n","protected":false},"excerpt":{"rendered":"<p>Champs dans les lesquels nous intervenons Nous intervenons dans la pr\u00e9vention des risques psychosociaux, l\u2019am\u00e9lioration des conditions de travail et la qualit\u00e9 de vie au travail. Nous accompagnons les individus dans l\u2019orientation, l\u2019insertion et l\u2019\u00e9volution professionnelle. Nous participons au recrutement, \u00e0 l\u2019\u00e9valuation des comp\u00e9tences et au d\u00e9veloppement des talents. Nous conseillons les organisations lors des [&hellip;]<\/p>\n","protected":false},"author":2,"featured_media":0,"parent":0,"menu_order":0,"comment_status":"closed","ping_status":"closed","template":"","meta":{"footnotes":""},"class_list":["post-85","page","type-page","status-publish","hentry"],"yoast_head":"<!-- This site is optimized with the Yoast SEO plugin v26.9 - https:\/\/yoast.com\/product\/yoast-seo-wordpress\/ -->\n<title>pr\u00e9vention des risques psychosociaux - Psychologue du travail \u00e0 Troyes<\/title>\n<meta name=\"description\" content=\"Nous intervenons dans la pr\u00e9vention des risques psychosociaux, l\u2019am\u00e9lioration des conditions de travail et la qualit\u00e9 de vie au travail\" \/>\n<meta name=\"robots\" content=\"index, follow, max-snippet:-1, max-image-preview:large, max-video-preview:-1\" \/>\n<link rel=\"canonical\" href=\"https:\/\/psychologue-marville.com\/index.php\/psychologue-du-travail\/\" \/>\n<meta property=\"og:locale\" content=\"fr_FR\" \/>\n<meta property=\"og:type\" content=\"article\" \/>\n<meta property=\"og:title\" content=\"pr\u00e9vention des risques psychosociaux - Psychologue du travail \u00e0 Troyes\" \/>\n<meta property=\"og:description\" content=\"Nous intervenons dans la pr\u00e9vention des risques psychosociaux, l\u2019am\u00e9lioration des conditions de travail et la qualit\u00e9 de vie au travail\" \/>\n<meta property=\"og:url\" content=\"https:\/\/psychologue-marville.com\/index.php\/psychologue-du-travail\/\" \/>\n<meta property=\"article:modified_time\" content=\"2026-02-06T21:41:45+00:00\" \/>\n<meta property=\"og:image\" content=\"https:\/\/psychologue-marville.com\/wp-content\/uploads\/2025\/10\/woman-9815143_1280-1.png\" \/>\n\t<meta property=\"og:image:width\" content=\"1280\" \/>\n\t<meta property=\"og:image:height\" content=\"1280\" \/>\n\t<meta property=\"og:image:type\" content=\"image\/png\" \/>\n<meta name=\"twitter:card\" content=\"summary_large_image\" \/>\n<meta name=\"twitter:label1\" content=\"Dur\u00e9e de lecture estim\u00e9e\" \/>\n\t<meta name=\"twitter:data1\" content=\"4 minutes\" \/>\n<script type=\"application\/ld+json\" class=\"yoast-schema-graph\">{\"@context\":\"https:\/\/schema.org\",\"@graph\":[{\"@type\":\"WebPage\",\"@id\":\"https:\/\/psychologue-marville.com\/index.php\/psychologue-du-travail\/\",\"url\":\"https:\/\/psychologue-marville.com\/index.php\/psychologue-du-travail\/\",\"name\":\"pr\u00e9vention des risques psychosociaux - Psychologue du travail \u00e0 Troyes\",\"isPartOf\":{\"@id\":\"https:\/\/psychologue-marville.com\/#website\"},\"primaryImageOfPage\":{\"@id\":\"https:\/\/psychologue-marville.com\/index.php\/psychologue-du-travail\/#primaryimage\"},\"image\":{\"@id\":\"https:\/\/psychologue-marville.com\/index.php\/psychologue-du-travail\/#primaryimage\"},\"thumbnailUrl\":\"https:\/\/psychologue-marville.com\/wp-content\/uploads\/2025\/10\/woman-9815143_1280-1-1024x1024.png\",\"datePublished\":\"2025-06-08T20:39:29+00:00\",\"dateModified\":\"2026-02-06T21:41:45+00:00\",\"description\":\"Nous intervenons dans la pr\u00e9vention des risques psychosociaux, l\u2019am\u00e9lioration des conditions de travail et la qualit\u00e9 de vie au travail\",\"breadcrumb\":{\"@id\":\"https:\/\/psychologue-marville.com\/index.php\/psychologue-du-travail\/#breadcrumb\"},\"inLanguage\":\"fr-FR\",\"potentialAction\":[{\"@type\":\"ReadAction\",\"target\":[\"https:\/\/psychologue-marville.com\/index.php\/psychologue-du-travail\/\"]}]},{\"@type\":\"ImageObject\",\"inLanguage\":\"fr-FR\",\"@id\":\"https:\/\/psychologue-marville.com\/index.php\/psychologue-du-travail\/#primaryimage\",\"url\":\"https:\/\/psychologue-marville.com\/wp-content\/uploads\/2025\/10\/woman-9815143_1280-1.png\",\"contentUrl\":\"https:\/\/psychologue-marville.com\/wp-content\/uploads\/2025\/10\/woman-9815143_1280-1.png\",\"width\":1280,\"height\":1280},{\"@type\":\"BreadcrumbList\",\"@id\":\"https:\/\/psychologue-marville.com\/index.php\/psychologue-du-travail\/#breadcrumb\",\"itemListElement\":[{\"@type\":\"ListItem\",\"position\":1,\"name\":\"Accueil\",\"item\":\"https:\/\/psychologue-marville.com\/\"},{\"@type\":\"ListItem\",\"position\":2,\"name\":\"Psychologie du travail et des organisations\"}]},{\"@type\":\"WebSite\",\"@id\":\"https:\/\/psychologue-marville.com\/#website\",\"url\":\"https:\/\/psychologue-marville.com\/\",\"name\":\"Psychologue marville\",\"description\":\"\",\"publisher\":{\"@id\":\"https:\/\/psychologue-marville.com\/#organization\"},\"potentialAction\":[{\"@type\":\"SearchAction\",\"target\":{\"@type\":\"EntryPoint\",\"urlTemplate\":\"https:\/\/psychologue-marville.com\/?s={search_term_string}\"},\"query-input\":{\"@type\":\"PropertyValueSpecification\",\"valueRequired\":true,\"valueName\":\"search_term_string\"}}],\"inLanguage\":\"fr-FR\"},{\"@type\":\"Organization\",\"@id\":\"https:\/\/psychologue-marville.com\/#organization\",\"name\":\"Psychologue marville\",\"url\":\"https:\/\/psychologue-marville.com\/\",\"logo\":{\"@type\":\"ImageObject\",\"inLanguage\":\"fr-FR\",\"@id\":\"https:\/\/psychologue-marville.com\/#\/schema\/logo\/image\/\",\"url\":\"https:\/\/psychologue-marville.com\/wp-content\/uploads\/2025\/06\/logo2-1.png\",\"contentUrl\":\"https:\/\/psychologue-marville.com\/wp-content\/uploads\/2025\/06\/logo2-1.png\",\"width\":1024,\"height\":1024,\"caption\":\"Psychologue marville\"},\"image\":{\"@id\":\"https:\/\/psychologue-marville.com\/#\/schema\/logo\/image\/\"}}]}<\/script>\n<!-- \/ Yoast SEO plugin. -->","yoast_head_json":{"title":"pr\u00e9vention des risques psychosociaux - Psychologue du travail \u00e0 Troyes","description":"Nous intervenons dans la pr\u00e9vention des risques psychosociaux, l\u2019am\u00e9lioration des conditions de travail et la qualit\u00e9 de vie au travail","robots":{"index":"index","follow":"follow","max-snippet":"max-snippet:-1","max-image-preview":"max-image-preview:large","max-video-preview":"max-video-preview:-1"},"canonical":"https:\/\/psychologue-marville.com\/index.php\/psychologue-du-travail\/","og_locale":"fr_FR","og_type":"article","og_title":"pr\u00e9vention des risques psychosociaux - Psychologue du travail \u00e0 Troyes","og_description":"Nous intervenons dans la pr\u00e9vention des risques psychosociaux, l\u2019am\u00e9lioration des conditions de travail et la qualit\u00e9 de vie au travail","og_url":"https:\/\/psychologue-marville.com\/index.php\/psychologue-du-travail\/","article_modified_time":"2026-02-06T21:41:45+00:00","og_image":[{"width":1280,"height":1280,"url":"https:\/\/psychologue-marville.com\/wp-content\/uploads\/2025\/10\/woman-9815143_1280-1.png","type":"image\/png"}],"twitter_card":"summary_large_image","twitter_misc":{"Dur\u00e9e de lecture estim\u00e9e":"4 minutes"},"schema":{"@context":"https:\/\/schema.org","@graph":[{"@type":"WebPage","@id":"https:\/\/psychologue-marville.com\/index.php\/psychologue-du-travail\/","url":"https:\/\/psychologue-marville.com\/index.php\/psychologue-du-travail\/","name":"pr\u00e9vention des risques psychosociaux - Psychologue du travail \u00e0 Troyes","isPartOf":{"@id":"https:\/\/psychologue-marville.com\/#website"},"primaryImageOfPage":{"@id":"https:\/\/psychologue-marville.com\/index.php\/psychologue-du-travail\/#primaryimage"},"image":{"@id":"https:\/\/psychologue-marville.com\/index.php\/psychologue-du-travail\/#primaryimage"},"thumbnailUrl":"https:\/\/psychologue-marville.com\/wp-content\/uploads\/2025\/10\/woman-9815143_1280-1-1024x1024.png","datePublished":"2025-06-08T20:39:29+00:00","dateModified":"2026-02-06T21:41:45+00:00","description":"Nous intervenons dans la pr\u00e9vention des risques psychosociaux, l\u2019am\u00e9lioration des conditions de travail et la qualit\u00e9 de vie au travail","breadcrumb":{"@id":"https:\/\/psychologue-marville.com\/index.php\/psychologue-du-travail\/#breadcrumb"},"inLanguage":"fr-FR","potentialAction":[{"@type":"ReadAction","target":["https:\/\/psychologue-marville.com\/index.php\/psychologue-du-travail\/"]}]},{"@type":"ImageObject","inLanguage":"fr-FR","@id":"https:\/\/psychologue-marville.com\/index.php\/psychologue-du-travail\/#primaryimage","url":"https:\/\/psychologue-marville.com\/wp-content\/uploads\/2025\/10\/woman-9815143_1280-1.png","contentUrl":"https:\/\/psychologue-marville.com\/wp-content\/uploads\/2025\/10\/woman-9815143_1280-1.png","width":1280,"height":1280},{"@type":"BreadcrumbList","@id":"https:\/\/psychologue-marville.com\/index.php\/psychologue-du-travail\/#breadcrumb","itemListElement":[{"@type":"ListItem","position":1,"name":"Accueil","item":"https:\/\/psychologue-marville.com\/"},{"@type":"ListItem","position":2,"name":"Psychologie du travail et des organisations"}]},{"@type":"WebSite","@id":"https:\/\/psychologue-marville.com\/#website","url":"https:\/\/psychologue-marville.com\/","name":"Psychologue marville","description":"","publisher":{"@id":"https:\/\/psychologue-marville.com\/#organization"},"potentialAction":[{"@type":"SearchAction","target":{"@type":"EntryPoint","urlTemplate":"https:\/\/psychologue-marville.com\/?s={search_term_string}"},"query-input":{"@type":"PropertyValueSpecification","valueRequired":true,"valueName":"search_term_string"}}],"inLanguage":"fr-FR"},{"@type":"Organization","@id":"https:\/\/psychologue-marville.com\/#organization","name":"Psychologue marville","url":"https:\/\/psychologue-marville.com\/","logo":{"@type":"ImageObject","inLanguage":"fr-FR","@id":"https:\/\/psychologue-marville.com\/#\/schema\/logo\/image\/","url":"https:\/\/psychologue-marville.com\/wp-content\/uploads\/2025\/06\/logo2-1.png","contentUrl":"https:\/\/psychologue-marville.com\/wp-content\/uploads\/2025\/06\/logo2-1.png","width":1024,"height":1024,"caption":"Psychologue marville"},"image":{"@id":"https:\/\/psychologue-marville.com\/#\/schema\/logo\/image\/"}}]}},"_links":{"self":[{"href":"https:\/\/psychologue-marville.com\/index.php\/wp-json\/wp\/v2\/pages\/85","targetHints":{"allow":["GET"]}}],"collection":[{"href":"https:\/\/psychologue-marville.com\/index.php\/wp-json\/wp\/v2\/pages"}],"about":[{"href":"https:\/\/psychologue-marville.com\/index.php\/wp-json\/wp\/v2\/types\/page"}],"author":[{"embeddable":true,"href":"https:\/\/psychologue-marville.com\/index.php\/wp-json\/wp\/v2\/users\/2"}],"replies":[{"embeddable":true,"href":"https:\/\/psychologue-marville.com\/index.php\/wp-json\/wp\/v2\/comments?post=85"}],"version-history":[{"count":102,"href":"https:\/\/psychologue-marville.com\/index.php\/wp-json\/wp\/v2\/pages\/85\/revisions"}],"predecessor-version":[{"id":1081,"href":"https:\/\/psychologue-marville.com\/index.php\/wp-json\/wp\/v2\/pages\/85\/revisions\/1081"}],"wp:attachment":[{"href":"https:\/\/psychologue-marville.com\/index.php\/wp-json\/wp\/v2\/media?parent=85"}],"curies":[{"name":"wp","href":"https:\/\/api.w.org\/{rel}","templated":true}]}}