{"id":680,"date":"2025-07-15T17:39:02","date_gmt":"2025-07-15T15:39:02","guid":{"rendered":"https:\/\/psychologue-marville.com\/?page_id=680"},"modified":"2026-02-06T22:31:54","modified_gmt":"2026-02-06T21:31:54","slug":"intervention-aupres-des-organisations","status":"publish","type":"page","link":"https:\/\/psychologue-marville.com\/index.php\/intervention-aupres-des-organisations\/","title":{"rendered":"Intervention aupr\u00e8s des organisations"},"content":{"rendered":"\n<h2 class=\"wp-block-heading\">Intervention aupr\u00e8s des organisations<\/h2>\n\n\n\n<p>L\u2019intervention aupr\u00e8s des organisations constitue un axe central du travail des psychologues du travail. Elle vise \u00e0 accompagner les entreprises, institutions et associations dans l\u2019am\u00e9lioration du fonctionnement collectif, de la sant\u00e9 au travail et de la performance durable. Cette intervention s\u2019inscrit dans une approche globale qui prend en compte \u00e0 la fois les individus, les groupes et les structures organisationnelles.<\/p>\n\n\n\n<p>Le psychologue du travail intervient d\u2019abord dans l\u2019analyse des situations de travail. \u00c0 partir d\u2019observations, d\u2019entretiens, de questionnaires ou de groupes de discussion, il identifie les facteurs organisationnels, relationnels et psychosociaux pouvant impacter le bien-\u00eatre, la motivation ou l\u2019efficacit\u00e9 des salari\u00e9s. Cette phase de diagnostic permet de comprendre les dysfonctionnements, les tensions, les sources de stress ou de d\u00e9motivation, mais aussi de rep\u00e9rer les ressources et leviers existants.<\/p>\n\n\n\n<p>Sur la base de cette analyse, le psychologue du travail propose et met en \u0153uvre des actions adapt\u00e9es aux besoins de l\u2019organisation. Il peut s\u2019agir de d\u00e9marches de pr\u00e9vention des risques psychosociaux, d\u2019am\u00e9lioration de la qualit\u00e9 de vie et des conditions de travail, ou d\u2019accompagnement du changement lors de r\u00e9organisations, fusions ou transformations manag\u00e9riales. Il intervient \u00e9galement dans la r\u00e9gulation des conflits, le soutien aux \u00e9quipes en difficult\u00e9 et le d\u00e9veloppement de la coop\u00e9ration.<\/p>\n\n\n\n<p>L\u2019intervention aupr\u00e8s des organisations inclut aussi un r\u00f4le de conseil et d\u2019accompagnement des acteurs cl\u00e9s, tels que les managers, les ressources humaines et les repr\u00e9sentants du personnel. Le psychologue du travail contribue au d\u00e9veloppement des comp\u00e9tences manag\u00e9riales, \u00e0 la communication interne et au dialogue social. Il peut animer des formations, des ateliers collectifs ou des espaces de r\u00e9flexion sur le travail r\u00e9el.<\/p>\n\n\n\n<p>Enfin, cette intervention repose sur une posture \u00e9thique et scientifique. Le psychologue du travail agit dans le respect des personnes, de la confidentialit\u00e9 et de l\u2019autonomie professionnelle. Son objectif est de favoriser des organisations plus humaines, performantes et durables, o\u00f9 la sant\u00e9 psychologique et le sens du travail occupent une place centrale.<\/p>\n","protected":false},"excerpt":{"rendered":"<p>Intervention aupr\u00e8s des organisations L\u2019intervention aupr\u00e8s des organisations constitue un axe central du travail des psychologues du travail. Elle vise \u00e0 accompagner les entreprises, institutions et associations dans l\u2019am\u00e9lioration du fonctionnement collectif, de la sant\u00e9 au travail et de la performance durable. Cette intervention s\u2019inscrit dans une approche globale qui prend en compte \u00e0 la [&hellip;]<\/p>\n","protected":false},"author":2,"featured_media":0,"parent":0,"menu_order":0,"comment_status":"closed","ping_status":"closed","template":"","meta":{"footnotes":""},"class_list":["post-680","page","type-page","status-publish","hentry"],"yoast_head":"<!-- This site is optimized with the Yoast SEO plugin v26.9 - https:\/\/yoast.com\/product\/yoast-seo-wordpress\/ -->\n<title>Intervention aupr\u00e8s des organisations<\/title>\n<meta name=\"description\" content=\"Nos interventions s\u2019appuient sur les les concepts et th\u00e9ories en clinique de l\u2019activit\u00e9, aupr\u00e8s de travailleurs et plus sp\u00e9cifiquement de collectifs de travail...\" \/>\n<meta name=\"robots\" content=\"index, follow, max-snippet:-1, max-image-preview:large, max-video-preview:-1\" \/>\n<link rel=\"canonical\" href=\"https:\/\/psychologue-marville.com\/index.php\/intervention-aupres-des-organisations\/\" \/>\n<meta property=\"og:locale\" content=\"fr_FR\" \/>\n<meta property=\"og:type\" content=\"article\" \/>\n<meta property=\"og:title\" content=\"Intervention aupr\u00e8s des organisations\" \/>\n<meta property=\"og:description\" content=\"Nos interventions s\u2019appuient sur les les concepts et th\u00e9ories en clinique de l\u2019activit\u00e9, aupr\u00e8s de travailleurs et plus sp\u00e9cifiquement de collectifs de travail...\" \/>\n<meta property=\"og:url\" content=\"https:\/\/psychologue-marville.com\/index.php\/intervention-aupres-des-organisations\/\" \/>\n<meta property=\"article:modified_time\" content=\"2026-02-06T21:31:54+00:00\" \/>\n<meta name=\"twitter:card\" content=\"summary_large_image\" \/>\n<meta name=\"twitter:label1\" content=\"Dur\u00e9e de lecture estim\u00e9e\" \/>\n\t<meta name=\"twitter:data1\" content=\"2 minutes\" \/>\n<script type=\"application\/ld+json\" class=\"yoast-schema-graph\">{\"@context\":\"https:\/\/schema.org\",\"@graph\":[{\"@type\":\"WebPage\",\"@id\":\"https:\/\/psychologue-marville.com\/index.php\/intervention-aupres-des-organisations\/\",\"url\":\"https:\/\/psychologue-marville.com\/index.php\/intervention-aupres-des-organisations\/\",\"name\":\"Intervention aupr\u00e8s des organisations\",\"isPartOf\":{\"@id\":\"https:\/\/psychologue-marville.com\/#website\"},\"datePublished\":\"2025-07-15T15:39:02+00:00\",\"dateModified\":\"2026-02-06T21:31:54+00:00\",\"description\":\"Nos interventions s\u2019appuient sur les les concepts et th\u00e9ories en clinique de l\u2019activit\u00e9, aupr\u00e8s de travailleurs et plus sp\u00e9cifiquement de collectifs de travail...\",\"breadcrumb\":{\"@id\":\"https:\/\/psychologue-marville.com\/index.php\/intervention-aupres-des-organisations\/#breadcrumb\"},\"inLanguage\":\"fr-FR\",\"potentialAction\":[{\"@type\":\"ReadAction\",\"target\":[\"https:\/\/psychologue-marville.com\/index.php\/intervention-aupres-des-organisations\/\"]}]},{\"@type\":\"BreadcrumbList\",\"@id\":\"https:\/\/psychologue-marville.com\/index.php\/intervention-aupres-des-organisations\/#breadcrumb\",\"itemListElement\":[{\"@type\":\"ListItem\",\"position\":1,\"name\":\"Accueil\",\"item\":\"https:\/\/psychologue-marville.com\/\"},{\"@type\":\"ListItem\",\"position\":2,\"name\":\"Intervention aupr\u00e8s des organisations\"}]},{\"@type\":\"WebSite\",\"@id\":\"https:\/\/psychologue-marville.com\/#website\",\"url\":\"https:\/\/psychologue-marville.com\/\",\"name\":\"Psychologue marville\",\"description\":\"\",\"publisher\":{\"@id\":\"https:\/\/psychologue-marville.com\/#organization\"},\"potentialAction\":[{\"@type\":\"SearchAction\",\"target\":{\"@type\":\"EntryPoint\",\"urlTemplate\":\"https:\/\/psychologue-marville.com\/?s={search_term_string}\"},\"query-input\":{\"@type\":\"PropertyValueSpecification\",\"valueRequired\":true,\"valueName\":\"search_term_string\"}}],\"inLanguage\":\"fr-FR\"},{\"@type\":\"Organization\",\"@id\":\"https:\/\/psychologue-marville.com\/#organization\",\"name\":\"Psychologue marville\",\"url\":\"https:\/\/psychologue-marville.com\/\",\"logo\":{\"@type\":\"ImageObject\",\"inLanguage\":\"fr-FR\",\"@id\":\"https:\/\/psychologue-marville.com\/#\/schema\/logo\/image\/\",\"url\":\"https:\/\/psychologue-marville.com\/wp-content\/uploads\/2025\/06\/logo2-1.png\",\"contentUrl\":\"https:\/\/psychologue-marville.com\/wp-content\/uploads\/2025\/06\/logo2-1.png\",\"width\":1024,\"height\":1024,\"caption\":\"Psychologue marville\"},\"image\":{\"@id\":\"https:\/\/psychologue-marville.com\/#\/schema\/logo\/image\/\"}}]}<\/script>\n<!-- \/ Yoast SEO plugin. -->","yoast_head_json":{"title":"Intervention aupr\u00e8s des organisations","description":"Nos interventions s\u2019appuient sur les les concepts et th\u00e9ories en clinique de l\u2019activit\u00e9, aupr\u00e8s de travailleurs et plus sp\u00e9cifiquement de collectifs de travail...","robots":{"index":"index","follow":"follow","max-snippet":"max-snippet:-1","max-image-preview":"max-image-preview:large","max-video-preview":"max-video-preview:-1"},"canonical":"https:\/\/psychologue-marville.com\/index.php\/intervention-aupres-des-organisations\/","og_locale":"fr_FR","og_type":"article","og_title":"Intervention aupr\u00e8s des organisations","og_description":"Nos interventions s\u2019appuient sur les les concepts et th\u00e9ories en clinique de l\u2019activit\u00e9, aupr\u00e8s de travailleurs et plus sp\u00e9cifiquement de collectifs de travail...","og_url":"https:\/\/psychologue-marville.com\/index.php\/intervention-aupres-des-organisations\/","article_modified_time":"2026-02-06T21:31:54+00:00","twitter_card":"summary_large_image","twitter_misc":{"Dur\u00e9e de lecture estim\u00e9e":"2 minutes"},"schema":{"@context":"https:\/\/schema.org","@graph":[{"@type":"WebPage","@id":"https:\/\/psychologue-marville.com\/index.php\/intervention-aupres-des-organisations\/","url":"https:\/\/psychologue-marville.com\/index.php\/intervention-aupres-des-organisations\/","name":"Intervention aupr\u00e8s des organisations","isPartOf":{"@id":"https:\/\/psychologue-marville.com\/#website"},"datePublished":"2025-07-15T15:39:02+00:00","dateModified":"2026-02-06T21:31:54+00:00","description":"Nos interventions s\u2019appuient sur les les concepts et th\u00e9ories en clinique de l\u2019activit\u00e9, aupr\u00e8s de travailleurs et plus sp\u00e9cifiquement de collectifs de travail...","breadcrumb":{"@id":"https:\/\/psychologue-marville.com\/index.php\/intervention-aupres-des-organisations\/#breadcrumb"},"inLanguage":"fr-FR","potentialAction":[{"@type":"ReadAction","target":["https:\/\/psychologue-marville.com\/index.php\/intervention-aupres-des-organisations\/"]}]},{"@type":"BreadcrumbList","@id":"https:\/\/psychologue-marville.com\/index.php\/intervention-aupres-des-organisations\/#breadcrumb","itemListElement":[{"@type":"ListItem","position":1,"name":"Accueil","item":"https:\/\/psychologue-marville.com\/"},{"@type":"ListItem","position":2,"name":"Intervention aupr\u00e8s des organisations"}]},{"@type":"WebSite","@id":"https:\/\/psychologue-marville.com\/#website","url":"https:\/\/psychologue-marville.com\/","name":"Psychologue marville","description":"","publisher":{"@id":"https:\/\/psychologue-marville.com\/#organization"},"potentialAction":[{"@type":"SearchAction","target":{"@type":"EntryPoint","urlTemplate":"https:\/\/psychologue-marville.com\/?s={search_term_string}"},"query-input":{"@type":"PropertyValueSpecification","valueRequired":true,"valueName":"search_term_string"}}],"inLanguage":"fr-FR"},{"@type":"Organization","@id":"https:\/\/psychologue-marville.com\/#organization","name":"Psychologue marville","url":"https:\/\/psychologue-marville.com\/","logo":{"@type":"ImageObject","inLanguage":"fr-FR","@id":"https:\/\/psychologue-marville.com\/#\/schema\/logo\/image\/","url":"https:\/\/psychologue-marville.com\/wp-content\/uploads\/2025\/06\/logo2-1.png","contentUrl":"https:\/\/psychologue-marville.com\/wp-content\/uploads\/2025\/06\/logo2-1.png","width":1024,"height":1024,"caption":"Psychologue marville"},"image":{"@id":"https:\/\/psychologue-marville.com\/#\/schema\/logo\/image\/"}}]}},"_links":{"self":[{"href":"https:\/\/psychologue-marville.com\/index.php\/wp-json\/wp\/v2\/pages\/680","targetHints":{"allow":["GET"]}}],"collection":[{"href":"https:\/\/psychologue-marville.com\/index.php\/wp-json\/wp\/v2\/pages"}],"about":[{"href":"https:\/\/psychologue-marville.com\/index.php\/wp-json\/wp\/v2\/types\/page"}],"author":[{"embeddable":true,"href":"https:\/\/psychologue-marville.com\/index.php\/wp-json\/wp\/v2\/users\/2"}],"replies":[{"embeddable":true,"href":"https:\/\/psychologue-marville.com\/index.php\/wp-json\/wp\/v2\/comments?post=680"}],"version-history":[{"count":4,"href":"https:\/\/psychologue-marville.com\/index.php\/wp-json\/wp\/v2\/pages\/680\/revisions"}],"predecessor-version":[{"id":1077,"href":"https:\/\/psychologue-marville.com\/index.php\/wp-json\/wp\/v2\/pages\/680\/revisions\/1077"}],"wp:attachment":[{"href":"https:\/\/psychologue-marville.com\/index.php\/wp-json\/wp\/v2\/media?parent=680"}],"curies":[{"name":"wp","href":"https:\/\/api.w.org\/{rel}","templated":true}]}}