{"id":657,"date":"2025-07-15T17:19:14","date_gmt":"2025-07-15T15:19:14","guid":{"rendered":"https:\/\/psychologue-marville.com\/?page_id=657"},"modified":"2026-02-06T19:24:05","modified_gmt":"2026-02-06T18:24:05","slug":"sante-au-travail","status":"publish","type":"page","link":"https:\/\/psychologue-marville.com\/index.php\/sante-au-travail\/","title":{"rendered":"Sant\u00e9 au travail"},"content":{"rendered":"\n<h2 class=\"wp-block-heading\">Sant\u00e9 au travail<\/h2>\n\n\n\n<p>\u00c9valuer et pr\u00e9venir les risques professionnels :<\/p>\n\n\n\n<ul class=\"wp-block-list\">\n<li>Am\u00e9liorer la performance des organisations en mati\u00e8re de sant\u00e9 au travail<\/li>\n\n\n\n<li>Agir pour le maintien et le retour en emploi<\/li>\n\n\n\n<li>Sensibiliser les travailleurs aux risques professionnels et \u00e0 la pr\u00e9servation de leur sant\u00e9 au travail<\/li>\n\n\n\n<li>Pr\u00e9venir la d\u00e9sinsertion professionnelle et agir efficacement contre l\u2019absent\u00e9isme et le turn-over.<\/li>\n<\/ul>\n","protected":false},"excerpt":{"rendered":"<p>Sant\u00e9 au travail \u00c9valuer et pr\u00e9venir les risques professionnels :<\/p>\n","protected":false},"author":2,"featured_media":0,"parent":0,"menu_order":0,"comment_status":"closed","ping_status":"closed","template":"","meta":{"footnotes":""},"class_list":["post-657","page","type-page","status-publish","hentry"],"yoast_head":"<!-- This site is optimized with the Yoast SEO plugin v26.9 - https:\/\/yoast.com\/product\/yoast-seo-wordpress\/ -->\n<title>Sant\u00e9 au travail - Psychologue du travail \u00e0 Troyes<\/title>\n<meta name=\"description\" content=\"Sant\u00e9 au travail. \u00c9valuer et pr\u00e9venir les risques professionnels ...\" \/>\n<meta name=\"robots\" content=\"index, follow, max-snippet:-1, max-image-preview:large, max-video-preview:-1\" \/>\n<link rel=\"canonical\" href=\"https:\/\/psychologue-marville.com\/index.php\/sante-au-travail\/\" \/>\n<meta property=\"og:locale\" content=\"fr_FR\" \/>\n<meta property=\"og:type\" content=\"article\" \/>\n<meta property=\"og:title\" content=\"Sant\u00e9 au travail - Psychologue du travail \u00e0 Troyes\" \/>\n<meta property=\"og:description\" content=\"Sant\u00e9 au travail. \u00c9valuer et pr\u00e9venir les risques professionnels ...\" \/>\n<meta property=\"og:url\" content=\"https:\/\/psychologue-marville.com\/index.php\/sante-au-travail\/\" \/>\n<meta property=\"article:modified_time\" content=\"2026-02-06T18:24:05+00:00\" \/>\n<meta name=\"twitter:card\" content=\"summary_large_image\" \/>\n<meta name=\"twitter:label1\" content=\"Dur\u00e9e de lecture estim\u00e9e\" \/>\n\t<meta name=\"twitter:data1\" content=\"1 minute\" \/>\n<script type=\"application\/ld+json\" class=\"yoast-schema-graph\">{\"@context\":\"https:\/\/schema.org\",\"@graph\":[{\"@type\":\"WebPage\",\"@id\":\"https:\/\/psychologue-marville.com\/index.php\/sante-au-travail\/\",\"url\":\"https:\/\/psychologue-marville.com\/index.php\/sante-au-travail\/\",\"name\":\"Sant\u00e9 au travail - Psychologue du travail \u00e0 Troyes\",\"isPartOf\":{\"@id\":\"https:\/\/psychologue-marville.com\/#website\"},\"datePublished\":\"2025-07-15T15:19:14+00:00\",\"dateModified\":\"2026-02-06T18:24:05+00:00\",\"description\":\"Sant\u00e9 au travail. \u00c9valuer et pr\u00e9venir les risques professionnels ...\",\"breadcrumb\":{\"@id\":\"https:\/\/psychologue-marville.com\/index.php\/sante-au-travail\/#breadcrumb\"},\"inLanguage\":\"fr-FR\",\"potentialAction\":[{\"@type\":\"ReadAction\",\"target\":[\"https:\/\/psychologue-marville.com\/index.php\/sante-au-travail\/\"]}]},{\"@type\":\"BreadcrumbList\",\"@id\":\"https:\/\/psychologue-marville.com\/index.php\/sante-au-travail\/#breadcrumb\",\"itemListElement\":[{\"@type\":\"ListItem\",\"position\":1,\"name\":\"Accueil\",\"item\":\"https:\/\/psychologue-marville.com\/\"},{\"@type\":\"ListItem\",\"position\":2,\"name\":\"Sant\u00e9 au travail\"}]},{\"@type\":\"WebSite\",\"@id\":\"https:\/\/psychologue-marville.com\/#website\",\"url\":\"https:\/\/psychologue-marville.com\/\",\"name\":\"Psychologue marville\",\"description\":\"\",\"publisher\":{\"@id\":\"https:\/\/psychologue-marville.com\/#organization\"},\"potentialAction\":[{\"@type\":\"SearchAction\",\"target\":{\"@type\":\"EntryPoint\",\"urlTemplate\":\"https:\/\/psychologue-marville.com\/?s={search_term_string}\"},\"query-input\":{\"@type\":\"PropertyValueSpecification\",\"valueRequired\":true,\"valueName\":\"search_term_string\"}}],\"inLanguage\":\"fr-FR\"},{\"@type\":\"Organization\",\"@id\":\"https:\/\/psychologue-marville.com\/#organization\",\"name\":\"Psychologue marville\",\"url\":\"https:\/\/psychologue-marville.com\/\",\"logo\":{\"@type\":\"ImageObject\",\"inLanguage\":\"fr-FR\",\"@id\":\"https:\/\/psychologue-marville.com\/#\/schema\/logo\/image\/\",\"url\":\"https:\/\/psychologue-marville.com\/wp-content\/uploads\/2025\/06\/logo2-1.png\",\"contentUrl\":\"https:\/\/psychologue-marville.com\/wp-content\/uploads\/2025\/06\/logo2-1.png\",\"width\":1024,\"height\":1024,\"caption\":\"Psychologue marville\"},\"image\":{\"@id\":\"https:\/\/psychologue-marville.com\/#\/schema\/logo\/image\/\"}}]}<\/script>\n<!-- \/ Yoast SEO plugin. -->","yoast_head_json":{"title":"Sant\u00e9 au travail - Psychologue du travail \u00e0 Troyes","description":"Sant\u00e9 au travail. \u00c9valuer et pr\u00e9venir les risques professionnels ...","robots":{"index":"index","follow":"follow","max-snippet":"max-snippet:-1","max-image-preview":"max-image-preview:large","max-video-preview":"max-video-preview:-1"},"canonical":"https:\/\/psychologue-marville.com\/index.php\/sante-au-travail\/","og_locale":"fr_FR","og_type":"article","og_title":"Sant\u00e9 au travail - Psychologue du travail \u00e0 Troyes","og_description":"Sant\u00e9 au travail. \u00c9valuer et pr\u00e9venir les risques professionnels ...","og_url":"https:\/\/psychologue-marville.com\/index.php\/sante-au-travail\/","article_modified_time":"2026-02-06T18:24:05+00:00","twitter_card":"summary_large_image","twitter_misc":{"Dur\u00e9e de lecture estim\u00e9e":"1 minute"},"schema":{"@context":"https:\/\/schema.org","@graph":[{"@type":"WebPage","@id":"https:\/\/psychologue-marville.com\/index.php\/sante-au-travail\/","url":"https:\/\/psychologue-marville.com\/index.php\/sante-au-travail\/","name":"Sant\u00e9 au travail - Psychologue du travail \u00e0 Troyes","isPartOf":{"@id":"https:\/\/psychologue-marville.com\/#website"},"datePublished":"2025-07-15T15:19:14+00:00","dateModified":"2026-02-06T18:24:05+00:00","description":"Sant\u00e9 au travail. \u00c9valuer et pr\u00e9venir les risques professionnels ...","breadcrumb":{"@id":"https:\/\/psychologue-marville.com\/index.php\/sante-au-travail\/#breadcrumb"},"inLanguage":"fr-FR","potentialAction":[{"@type":"ReadAction","target":["https:\/\/psychologue-marville.com\/index.php\/sante-au-travail\/"]}]},{"@type":"BreadcrumbList","@id":"https:\/\/psychologue-marville.com\/index.php\/sante-au-travail\/#breadcrumb","itemListElement":[{"@type":"ListItem","position":1,"name":"Accueil","item":"https:\/\/psychologue-marville.com\/"},{"@type":"ListItem","position":2,"name":"Sant\u00e9 au travail"}]},{"@type":"WebSite","@id":"https:\/\/psychologue-marville.com\/#website","url":"https:\/\/psychologue-marville.com\/","name":"Psychologue marville","description":"","publisher":{"@id":"https:\/\/psychologue-marville.com\/#organization"},"potentialAction":[{"@type":"SearchAction","target":{"@type":"EntryPoint","urlTemplate":"https:\/\/psychologue-marville.com\/?s={search_term_string}"},"query-input":{"@type":"PropertyValueSpecification","valueRequired":true,"valueName":"search_term_string"}}],"inLanguage":"fr-FR"},{"@type":"Organization","@id":"https:\/\/psychologue-marville.com\/#organization","name":"Psychologue marville","url":"https:\/\/psychologue-marville.com\/","logo":{"@type":"ImageObject","inLanguage":"fr-FR","@id":"https:\/\/psychologue-marville.com\/#\/schema\/logo\/image\/","url":"https:\/\/psychologue-marville.com\/wp-content\/uploads\/2025\/06\/logo2-1.png","contentUrl":"https:\/\/psychologue-marville.com\/wp-content\/uploads\/2025\/06\/logo2-1.png","width":1024,"height":1024,"caption":"Psychologue marville"},"image":{"@id":"https:\/\/psychologue-marville.com\/#\/schema\/logo\/image\/"}}]}},"_links":{"self":[{"href":"https:\/\/psychologue-marville.com\/index.php\/wp-json\/wp\/v2\/pages\/657","targetHints":{"allow":["GET"]}}],"collection":[{"href":"https:\/\/psychologue-marville.com\/index.php\/wp-json\/wp\/v2\/pages"}],"about":[{"href":"https:\/\/psychologue-marville.com\/index.php\/wp-json\/wp\/v2\/types\/page"}],"author":[{"embeddable":true,"href":"https:\/\/psychologue-marville.com\/index.php\/wp-json\/wp\/v2\/users\/2"}],"replies":[{"embeddable":true,"href":"https:\/\/psychologue-marville.com\/index.php\/wp-json\/wp\/v2\/comments?post=657"}],"version-history":[{"count":2,"href":"https:\/\/psychologue-marville.com\/index.php\/wp-json\/wp\/v2\/pages\/657\/revisions"}],"predecessor-version":[{"id":659,"href":"https:\/\/psychologue-marville.com\/index.php\/wp-json\/wp\/v2\/pages\/657\/revisions\/659"}],"wp:attachment":[{"href":"https:\/\/psychologue-marville.com\/index.php\/wp-json\/wp\/v2\/media?parent=657"}],"curies":[{"name":"wp","href":"https:\/\/api.w.org\/{rel}","templated":true}]}}