{"id":645,"date":"2025-07-15T17:08:11","date_gmt":"2025-07-15T15:08:11","guid":{"rendered":"https:\/\/psychologue-marville.com\/?page_id=645"},"modified":"2026-02-06T22:43:51","modified_gmt":"2026-02-06T21:43:51","slug":"psychodynamique-du-travail","status":"publish","type":"page","link":"https:\/\/psychologue-marville.com\/index.php\/psychodynamique-du-travail\/","title":{"rendered":"Psychodynamique du travail"},"content":{"rendered":"\n<h2 class=\"wp-block-heading\">Psychodynamique du travail<\/h2>\n\n\n\n<p>La psychodynamique du travail est une discipline interdisciplinaire d\u00e9velopp\u00e9e \u00e0 la fin des ann\u00e9es 1970, qui analyse le rapport entre sant\u00e9 mentale et organisation du travail. Elle se fonde sur une approche issue de la psychanalyse freudienne, consid\u00e9rant que le sujet aborde le monde du travail avec l\u2019ensemble de ce qu\u2019il est, dans une qu\u00eate d\u2019accomplissement personnel.<\/p>\n\n\n\n<p>Christophe Dejours d\u00e9finit la psychodynamique du travail comme l\u2019analyse des processus psychiques mobilis\u00e9s lors de la rencontre entre un sujet et les contraintes de l\u2019organisation du travail. Elle s\u2019int\u00e9resse \u00e0 la fa\u00e7on dont le travail peut devenir une source de plaisir ou de souffrance, en fonction des conditions dans lesquelles il est exerc\u00e9. La discipline met en lumi\u00e8re les strat\u00e9gies d\u00e9fensives que les individus adoptent pour pr\u00e9server leur \u00e9quilibre psychique face aux exigences professionnelles, et elle consid\u00e8re que le travail, loin d\u2019\u00eatre neutre, joue un r\u00f4le central dans la constitution de la sant\u00e9 mentale et dans la formation de l\u2019identit\u00e9 psychique du sujet.<\/p>\n\n\n\n<p>La psychodynamique du travail est un courant th\u00e9orique et clinique qui s\u2019int\u00e9resse aux liens entre l\u2019organisation du travail, la subjectivit\u00e9 et la sant\u00e9 mentale des travailleurs. Elle analyse la mani\u00e8re dont les individus vivent leur travail, en tenant compte de l\u2019\u00e9cart entre le travail prescrit et le travail r\u00e9el. Cet \u00e9cart oblige les salari\u00e9s \u00e0 mobiliser des strat\u00e9gies individuelles et collectives pour faire face aux contraintes, aux exigences et parfois \u00e0 la souffrance. La psychodynamique du travail met en \u00e9vidence le r\u00f4le central de la reconnaissance, du sens accord\u00e9 au travail et des collectifs dans la construction de l\u2019identit\u00e9 professionnelle. Lorsque ces dimensions sont fragilis\u00e9es, des m\u00e9canismes de d\u00e9fense peuvent \u00e9merger, pouvant conduire \u00e0 la souffrance psychique. Cette approche vise ainsi \u00e0 comprendre, pr\u00e9venir et transformer les situations de travail pathog\u00e8nes.<\/p>\n","protected":false},"excerpt":{"rendered":"<p>Psychodynamique du travail La psychodynamique du travail est une discipline interdisciplinaire d\u00e9velopp\u00e9e \u00e0 la fin des ann\u00e9es 1970, qui analyse le rapport entre sant\u00e9 mentale et organisation du travail. Elle se fonde sur une approche issue de la psychanalyse freudienne, consid\u00e9rant que le sujet aborde le monde du travail avec l\u2019ensemble de ce qu\u2019il est, [&hellip;]<\/p>\n","protected":false},"author":2,"featured_media":0,"parent":0,"menu_order":0,"comment_status":"closed","ping_status":"closed","template":"","meta":{"footnotes":""},"class_list":["post-645","page","type-page","status-publish","hentry"],"yoast_head":"<!-- This site is optimized with the Yoast SEO plugin v26.9 - https:\/\/yoast.com\/product\/yoast-seo-wordpress\/ -->\n<title>Psychodynamique du travail - Psychologue du travail \u00e0 Troyes<\/title>\n<meta name=\"description\" content=\"La psychodynamique du travail est une discipline interdisciplinaire d\u00e9velopp\u00e9e \u00e0 la fin des ann\u00e9es 1970...\" \/>\n<meta name=\"robots\" content=\"index, follow, max-snippet:-1, max-image-preview:large, max-video-preview:-1\" \/>\n<link rel=\"canonical\" href=\"https:\/\/psychologue-marville.com\/index.php\/psychodynamique-du-travail\/\" \/>\n<meta property=\"og:locale\" content=\"fr_FR\" \/>\n<meta property=\"og:type\" content=\"article\" \/>\n<meta property=\"og:title\" content=\"Psychodynamique du travail - Psychologue du travail \u00e0 Troyes\" \/>\n<meta property=\"og:description\" content=\"La psychodynamique du travail est une discipline interdisciplinaire d\u00e9velopp\u00e9e \u00e0 la fin des ann\u00e9es 1970...\" \/>\n<meta property=\"og:url\" content=\"https:\/\/psychologue-marville.com\/index.php\/psychodynamique-du-travail\/\" \/>\n<meta property=\"article:modified_time\" content=\"2026-02-06T21:43:51+00:00\" \/>\n<meta name=\"twitter:card\" content=\"summary_large_image\" \/>\n<meta name=\"twitter:label1\" content=\"Dur\u00e9e de lecture estim\u00e9e\" \/>\n\t<meta name=\"twitter:data1\" content=\"2 minutes\" \/>\n<script type=\"application\/ld+json\" class=\"yoast-schema-graph\">{\"@context\":\"https:\/\/schema.org\",\"@graph\":[{\"@type\":\"WebPage\",\"@id\":\"https:\/\/psychologue-marville.com\/index.php\/psychodynamique-du-travail\/\",\"url\":\"https:\/\/psychologue-marville.com\/index.php\/psychodynamique-du-travail\/\",\"name\":\"Psychodynamique du travail - Psychologue du travail \u00e0 Troyes\",\"isPartOf\":{\"@id\":\"https:\/\/psychologue-marville.com\/#website\"},\"datePublished\":\"2025-07-15T15:08:11+00:00\",\"dateModified\":\"2026-02-06T21:43:51+00:00\",\"description\":\"La psychodynamique du travail est une discipline interdisciplinaire d\u00e9velopp\u00e9e \u00e0 la fin des ann\u00e9es 1970...\",\"breadcrumb\":{\"@id\":\"https:\/\/psychologue-marville.com\/index.php\/psychodynamique-du-travail\/#breadcrumb\"},\"inLanguage\":\"fr-FR\",\"potentialAction\":[{\"@type\":\"ReadAction\",\"target\":[\"https:\/\/psychologue-marville.com\/index.php\/psychodynamique-du-travail\/\"]}]},{\"@type\":\"BreadcrumbList\",\"@id\":\"https:\/\/psychologue-marville.com\/index.php\/psychodynamique-du-travail\/#breadcrumb\",\"itemListElement\":[{\"@type\":\"ListItem\",\"position\":1,\"name\":\"Accueil\",\"item\":\"https:\/\/psychologue-marville.com\/\"},{\"@type\":\"ListItem\",\"position\":2,\"name\":\"Psychodynamique du travail\"}]},{\"@type\":\"WebSite\",\"@id\":\"https:\/\/psychologue-marville.com\/#website\",\"url\":\"https:\/\/psychologue-marville.com\/\",\"name\":\"Psychologue marville\",\"description\":\"\",\"publisher\":{\"@id\":\"https:\/\/psychologue-marville.com\/#organization\"},\"potentialAction\":[{\"@type\":\"SearchAction\",\"target\":{\"@type\":\"EntryPoint\",\"urlTemplate\":\"https:\/\/psychologue-marville.com\/?s={search_term_string}\"},\"query-input\":{\"@type\":\"PropertyValueSpecification\",\"valueRequired\":true,\"valueName\":\"search_term_string\"}}],\"inLanguage\":\"fr-FR\"},{\"@type\":\"Organization\",\"@id\":\"https:\/\/psychologue-marville.com\/#organization\",\"name\":\"Psychologue marville\",\"url\":\"https:\/\/psychologue-marville.com\/\",\"logo\":{\"@type\":\"ImageObject\",\"inLanguage\":\"fr-FR\",\"@id\":\"https:\/\/psychologue-marville.com\/#\/schema\/logo\/image\/\",\"url\":\"https:\/\/psychologue-marville.com\/wp-content\/uploads\/2025\/06\/logo2-1.png\",\"contentUrl\":\"https:\/\/psychologue-marville.com\/wp-content\/uploads\/2025\/06\/logo2-1.png\",\"width\":1024,\"height\":1024,\"caption\":\"Psychologue marville\"},\"image\":{\"@id\":\"https:\/\/psychologue-marville.com\/#\/schema\/logo\/image\/\"}}]}<\/script>\n<!-- \/ Yoast SEO plugin. -->","yoast_head_json":{"title":"Psychodynamique du travail - Psychologue du travail \u00e0 Troyes","description":"La psychodynamique du travail est une discipline interdisciplinaire d\u00e9velopp\u00e9e \u00e0 la fin des ann\u00e9es 1970...","robots":{"index":"index","follow":"follow","max-snippet":"max-snippet:-1","max-image-preview":"max-image-preview:large","max-video-preview":"max-video-preview:-1"},"canonical":"https:\/\/psychologue-marville.com\/index.php\/psychodynamique-du-travail\/","og_locale":"fr_FR","og_type":"article","og_title":"Psychodynamique du travail - Psychologue du travail \u00e0 Troyes","og_description":"La psychodynamique du travail est une discipline interdisciplinaire d\u00e9velopp\u00e9e \u00e0 la fin des ann\u00e9es 1970...","og_url":"https:\/\/psychologue-marville.com\/index.php\/psychodynamique-du-travail\/","article_modified_time":"2026-02-06T21:43:51+00:00","twitter_card":"summary_large_image","twitter_misc":{"Dur\u00e9e de lecture estim\u00e9e":"2 minutes"},"schema":{"@context":"https:\/\/schema.org","@graph":[{"@type":"WebPage","@id":"https:\/\/psychologue-marville.com\/index.php\/psychodynamique-du-travail\/","url":"https:\/\/psychologue-marville.com\/index.php\/psychodynamique-du-travail\/","name":"Psychodynamique du travail - Psychologue du travail \u00e0 Troyes","isPartOf":{"@id":"https:\/\/psychologue-marville.com\/#website"},"datePublished":"2025-07-15T15:08:11+00:00","dateModified":"2026-02-06T21:43:51+00:00","description":"La psychodynamique du travail est une discipline interdisciplinaire d\u00e9velopp\u00e9e \u00e0 la fin des ann\u00e9es 1970...","breadcrumb":{"@id":"https:\/\/psychologue-marville.com\/index.php\/psychodynamique-du-travail\/#breadcrumb"},"inLanguage":"fr-FR","potentialAction":[{"@type":"ReadAction","target":["https:\/\/psychologue-marville.com\/index.php\/psychodynamique-du-travail\/"]}]},{"@type":"BreadcrumbList","@id":"https:\/\/psychologue-marville.com\/index.php\/psychodynamique-du-travail\/#breadcrumb","itemListElement":[{"@type":"ListItem","position":1,"name":"Accueil","item":"https:\/\/psychologue-marville.com\/"},{"@type":"ListItem","position":2,"name":"Psychodynamique du travail"}]},{"@type":"WebSite","@id":"https:\/\/psychologue-marville.com\/#website","url":"https:\/\/psychologue-marville.com\/","name":"Psychologue marville","description":"","publisher":{"@id":"https:\/\/psychologue-marville.com\/#organization"},"potentialAction":[{"@type":"SearchAction","target":{"@type":"EntryPoint","urlTemplate":"https:\/\/psychologue-marville.com\/?s={search_term_string}"},"query-input":{"@type":"PropertyValueSpecification","valueRequired":true,"valueName":"search_term_string"}}],"inLanguage":"fr-FR"},{"@type":"Organization","@id":"https:\/\/psychologue-marville.com\/#organization","name":"Psychologue marville","url":"https:\/\/psychologue-marville.com\/","logo":{"@type":"ImageObject","inLanguage":"fr-FR","@id":"https:\/\/psychologue-marville.com\/#\/schema\/logo\/image\/","url":"https:\/\/psychologue-marville.com\/wp-content\/uploads\/2025\/06\/logo2-1.png","contentUrl":"https:\/\/psychologue-marville.com\/wp-content\/uploads\/2025\/06\/logo2-1.png","width":1024,"height":1024,"caption":"Psychologue marville"},"image":{"@id":"https:\/\/psychologue-marville.com\/#\/schema\/logo\/image\/"}}]}},"_links":{"self":[{"href":"https:\/\/psychologue-marville.com\/index.php\/wp-json\/wp\/v2\/pages\/645","targetHints":{"allow":["GET"]}}],"collection":[{"href":"https:\/\/psychologue-marville.com\/index.php\/wp-json\/wp\/v2\/pages"}],"about":[{"href":"https:\/\/psychologue-marville.com\/index.php\/wp-json\/wp\/v2\/types\/page"}],"author":[{"embeddable":true,"href":"https:\/\/psychologue-marville.com\/index.php\/wp-json\/wp\/v2\/users\/2"}],"replies":[{"embeddable":true,"href":"https:\/\/psychologue-marville.com\/index.php\/wp-json\/wp\/v2\/comments?post=645"}],"version-history":[{"count":4,"href":"https:\/\/psychologue-marville.com\/index.php\/wp-json\/wp\/v2\/pages\/645\/revisions"}],"predecessor-version":[{"id":1082,"href":"https:\/\/psychologue-marville.com\/index.php\/wp-json\/wp\/v2\/pages\/645\/revisions\/1082"}],"wp:attachment":[{"href":"https:\/\/psychologue-marville.com\/index.php\/wp-json\/wp\/v2\/media?parent=645"}],"curies":[{"name":"wp","href":"https:\/\/api.w.org\/{rel}","templated":true}]}}