{"id":638,"date":"2025-07-15T17:02:14","date_gmt":"2025-07-15T15:02:14","guid":{"rendered":"https:\/\/psychologue-marville.com\/?page_id=638"},"modified":"2026-03-13T21:24:37","modified_gmt":"2026-03-13T20:24:37","slug":"mentions-legales","status":"publish","type":"page","link":"https:\/\/psychologue-marville.com\/index.php\/mentions-legales\/","title":{"rendered":"Mentions l\u00e9gales"},"content":{"rendered":"\n<h3 class=\"wp-block-heading\">Informations l\u00e9gales<\/h3>\n\n\n\n<div class=\"wp-block-columns is-layout-flex wp-container-core-columns-is-layout-28f84493 wp-block-columns-is-layout-flex\">\n<div class=\"wp-block-column is-layout-flow wp-block-column-is-layout-flow\" style=\"flex-basis:250px\">\n<figure class=\"wp-block-image alignleft size-large is-resized has-custom-border img-accueil is-style-rounded wp-duotone-unset-2 is-style-rounded--1\"><img loading=\"lazy\" decoding=\"async\" width=\"908\" height=\"1024\" src=\"https:\/\/psychologue-marville.com\/wp-content\/uploads\/2025\/06\/IMG_1008-3-908x1024.jpeg\" alt=\"\" class=\"wp-image-30\" style=\"border-radius:23px;box-shadow:var(--wp--preset--shadow--natural);width:250px\" srcset=\"https:\/\/psychologue-marville.com\/wp-content\/uploads\/2025\/06\/IMG_1008-3-908x1024.jpeg 908w, https:\/\/psychologue-marville.com\/wp-content\/uploads\/2025\/06\/IMG_1008-3-266x300.jpeg 266w, https:\/\/psychologue-marville.com\/wp-content\/uploads\/2025\/06\/IMG_1008-3-768x866.jpeg 768w, https:\/\/psychologue-marville.com\/wp-content\/uploads\/2025\/06\/IMG_1008-3-1363x1536.jpeg 1363w, https:\/\/psychologue-marville.com\/wp-content\/uploads\/2025\/06\/IMG_1008-3-1817x2048.jpeg 1817w\" sizes=\"auto, (max-width: 908px) 100vw, 908px\" \/><\/figure>\n<\/div>\n\n\n\n<div class=\"wp-block-column is-layout-flow wp-block-column-is-layout-flow\">\n<div class=\"wp-block-group has-global-padding is-layout-constrained wp-block-group-is-layout-constrained\">\n<p>Alb\u00e9ric MARVILLE<br>Psychologue du travail<\/p>\n\n\n\n<p>N\u00b0RPPS : 10009433763<\/p>\n\n\n\n<p>Siret : 52527621800027<\/p>\n\n\n\n<p>Num\u00e9ro RC : Allianz n\u00b0 64754888<\/p>\n\n\n\n<p>Tel : 06 73 13 72 59<\/p>\n\n\n\n<p>17 rue de Preize &#8211; 10000 Troyes<\/p>\n<\/div>\n<\/div>\n<\/div>\n","protected":false},"excerpt":{"rendered":"<p>Informations l\u00e9gales Alb\u00e9ric MARVILLEPsychologue du travail N\u00b0RPPS : 10009433763 Siret : 52527621800027 Num\u00e9ro RC : Allianz n\u00b0 64754888 Tel : 06 73 13 72 59 17 rue de Preize &#8211; 10000 Troyes<\/p>\n","protected":false},"author":2,"featured_media":0,"parent":0,"menu_order":0,"comment_status":"closed","ping_status":"closed","template":"","meta":{"footnotes":""},"class_list":["post-638","page","type-page","status-publish","hentry"],"yoast_head":"<!-- This site is optimized with the Yoast SEO plugin v26.9 - https:\/\/yoast.com\/product\/yoast-seo-wordpress\/ -->\n<title>Mentions l\u00e9gales - Psychologue du travail \u00e0 Troyes<\/title>\n<meta name=\"description\" content=\"Alb\u00e9ric MARVILLE Psychologue du travail, Siret : 52527621800027\" \/>\n<meta name=\"robots\" content=\"index, follow, max-snippet:-1, max-image-preview:large, max-video-preview:-1\" \/>\n<link rel=\"canonical\" href=\"https:\/\/psychologue-marville.com\/index.php\/mentions-legales\/\" \/>\n<meta property=\"og:locale\" content=\"fr_FR\" \/>\n<meta property=\"og:type\" content=\"article\" \/>\n<meta property=\"og:title\" content=\"Mentions l\u00e9gales - Psychologue du travail \u00e0 Troyes\" \/>\n<meta property=\"og:description\" content=\"Alb\u00e9ric MARVILLE Psychologue du travail, Siret : 52527621800027\" \/>\n<meta property=\"og:url\" content=\"https:\/\/psychologue-marville.com\/index.php\/mentions-legales\/\" \/>\n<meta property=\"article:modified_time\" content=\"2026-03-13T20:24:37+00:00\" \/>\n<meta property=\"og:image\" content=\"https:\/\/psychologue-marville.com\/wp-content\/uploads\/2025\/06\/IMG_1008-3-scaled.jpeg\" \/>\n\t<meta property=\"og:image:width\" content=\"2271\" \/>\n\t<meta property=\"og:image:height\" content=\"2560\" \/>\n\t<meta property=\"og:image:type\" content=\"image\/jpeg\" \/>\n<meta name=\"twitter:card\" content=\"summary_large_image\" \/>\n<meta name=\"twitter:label1\" content=\"Dur\u00e9e de lecture estim\u00e9e\" \/>\n\t<meta name=\"twitter:data1\" content=\"1 minute\" \/>\n<script type=\"application\/ld+json\" class=\"yoast-schema-graph\">{\"@context\":\"https:\/\/schema.org\",\"@graph\":[{\"@type\":\"WebPage\",\"@id\":\"https:\/\/psychologue-marville.com\/index.php\/mentions-legales\/\",\"url\":\"https:\/\/psychologue-marville.com\/index.php\/mentions-legales\/\",\"name\":\"Mentions l\u00e9gales - Psychologue du travail \u00e0 Troyes\",\"isPartOf\":{\"@id\":\"https:\/\/psychologue-marville.com\/#website\"},\"primaryImageOfPage\":{\"@id\":\"https:\/\/psychologue-marville.com\/index.php\/mentions-legales\/#primaryimage\"},\"image\":{\"@id\":\"https:\/\/psychologue-marville.com\/index.php\/mentions-legales\/#primaryimage\"},\"thumbnailUrl\":\"https:\/\/psychologue-marville.com\/wp-content\/uploads\/2025\/06\/IMG_1008-3-908x1024.jpeg\",\"datePublished\":\"2025-07-15T15:02:14+00:00\",\"dateModified\":\"2026-03-13T20:24:37+00:00\",\"description\":\"Alb\u00e9ric MARVILLE Psychologue du travail, Siret : 52527621800027\",\"breadcrumb\":{\"@id\":\"https:\/\/psychologue-marville.com\/index.php\/mentions-legales\/#breadcrumb\"},\"inLanguage\":\"fr-FR\",\"potentialAction\":[{\"@type\":\"ReadAction\",\"target\":[\"https:\/\/psychologue-marville.com\/index.php\/mentions-legales\/\"]}]},{\"@type\":\"ImageObject\",\"inLanguage\":\"fr-FR\",\"@id\":\"https:\/\/psychologue-marville.com\/index.php\/mentions-legales\/#primaryimage\",\"url\":\"https:\/\/psychologue-marville.com\/wp-content\/uploads\/2025\/06\/IMG_1008-3-scaled.jpeg\",\"contentUrl\":\"https:\/\/psychologue-marville.com\/wp-content\/uploads\/2025\/06\/IMG_1008-3-scaled.jpeg\",\"width\":2271,\"height\":2560},{\"@type\":\"BreadcrumbList\",\"@id\":\"https:\/\/psychologue-marville.com\/index.php\/mentions-legales\/#breadcrumb\",\"itemListElement\":[{\"@type\":\"ListItem\",\"position\":1,\"name\":\"Accueil\",\"item\":\"https:\/\/psychologue-marville.com\/\"},{\"@type\":\"ListItem\",\"position\":2,\"name\":\"Mentions l\u00e9gales\"}]},{\"@type\":\"WebSite\",\"@id\":\"https:\/\/psychologue-marville.com\/#website\",\"url\":\"https:\/\/psychologue-marville.com\/\",\"name\":\"Psychologue marville\",\"description\":\"\",\"publisher\":{\"@id\":\"https:\/\/psychologue-marville.com\/#organization\"},\"potentialAction\":[{\"@type\":\"SearchAction\",\"target\":{\"@type\":\"EntryPoint\",\"urlTemplate\":\"https:\/\/psychologue-marville.com\/?s={search_term_string}\"},\"query-input\":{\"@type\":\"PropertyValueSpecification\",\"valueRequired\":true,\"valueName\":\"search_term_string\"}}],\"inLanguage\":\"fr-FR\"},{\"@type\":\"Organization\",\"@id\":\"https:\/\/psychologue-marville.com\/#organization\",\"name\":\"Psychologue marville\",\"url\":\"https:\/\/psychologue-marville.com\/\",\"logo\":{\"@type\":\"ImageObject\",\"inLanguage\":\"fr-FR\",\"@id\":\"https:\/\/psychologue-marville.com\/#\/schema\/logo\/image\/\",\"url\":\"https:\/\/psychologue-marville.com\/wp-content\/uploads\/2025\/06\/logo2-1.png\",\"contentUrl\":\"https:\/\/psychologue-marville.com\/wp-content\/uploads\/2025\/06\/logo2-1.png\",\"width\":1024,\"height\":1024,\"caption\":\"Psychologue marville\"},\"image\":{\"@id\":\"https:\/\/psychologue-marville.com\/#\/schema\/logo\/image\/\"}}]}<\/script>\n<!-- \/ Yoast SEO plugin. -->","yoast_head_json":{"title":"Mentions l\u00e9gales - Psychologue du travail \u00e0 Troyes","description":"Alb\u00e9ric MARVILLE Psychologue du travail, Siret : 52527621800027","robots":{"index":"index","follow":"follow","max-snippet":"max-snippet:-1","max-image-preview":"max-image-preview:large","max-video-preview":"max-video-preview:-1"},"canonical":"https:\/\/psychologue-marville.com\/index.php\/mentions-legales\/","og_locale":"fr_FR","og_type":"article","og_title":"Mentions l\u00e9gales - Psychologue du travail \u00e0 Troyes","og_description":"Alb\u00e9ric MARVILLE Psychologue du travail, Siret : 52527621800027","og_url":"https:\/\/psychologue-marville.com\/index.php\/mentions-legales\/","article_modified_time":"2026-03-13T20:24:37+00:00","og_image":[{"width":2271,"height":2560,"url":"https:\/\/psychologue-marville.com\/wp-content\/uploads\/2025\/06\/IMG_1008-3-scaled.jpeg","type":"image\/jpeg"}],"twitter_card":"summary_large_image","twitter_misc":{"Dur\u00e9e de lecture estim\u00e9e":"1 minute"},"schema":{"@context":"https:\/\/schema.org","@graph":[{"@type":"WebPage","@id":"https:\/\/psychologue-marville.com\/index.php\/mentions-legales\/","url":"https:\/\/psychologue-marville.com\/index.php\/mentions-legales\/","name":"Mentions l\u00e9gales - Psychologue du travail \u00e0 Troyes","isPartOf":{"@id":"https:\/\/psychologue-marville.com\/#website"},"primaryImageOfPage":{"@id":"https:\/\/psychologue-marville.com\/index.php\/mentions-legales\/#primaryimage"},"image":{"@id":"https:\/\/psychologue-marville.com\/index.php\/mentions-legales\/#primaryimage"},"thumbnailUrl":"https:\/\/psychologue-marville.com\/wp-content\/uploads\/2025\/06\/IMG_1008-3-908x1024.jpeg","datePublished":"2025-07-15T15:02:14+00:00","dateModified":"2026-03-13T20:24:37+00:00","description":"Alb\u00e9ric MARVILLE Psychologue du travail, Siret : 52527621800027","breadcrumb":{"@id":"https:\/\/psychologue-marville.com\/index.php\/mentions-legales\/#breadcrumb"},"inLanguage":"fr-FR","potentialAction":[{"@type":"ReadAction","target":["https:\/\/psychologue-marville.com\/index.php\/mentions-legales\/"]}]},{"@type":"ImageObject","inLanguage":"fr-FR","@id":"https:\/\/psychologue-marville.com\/index.php\/mentions-legales\/#primaryimage","url":"https:\/\/psychologue-marville.com\/wp-content\/uploads\/2025\/06\/IMG_1008-3-scaled.jpeg","contentUrl":"https:\/\/psychologue-marville.com\/wp-content\/uploads\/2025\/06\/IMG_1008-3-scaled.jpeg","width":2271,"height":2560},{"@type":"BreadcrumbList","@id":"https:\/\/psychologue-marville.com\/index.php\/mentions-legales\/#breadcrumb","itemListElement":[{"@type":"ListItem","position":1,"name":"Accueil","item":"https:\/\/psychologue-marville.com\/"},{"@type":"ListItem","position":2,"name":"Mentions l\u00e9gales"}]},{"@type":"WebSite","@id":"https:\/\/psychologue-marville.com\/#website","url":"https:\/\/psychologue-marville.com\/","name":"Psychologue marville","description":"","publisher":{"@id":"https:\/\/psychologue-marville.com\/#organization"},"potentialAction":[{"@type":"SearchAction","target":{"@type":"EntryPoint","urlTemplate":"https:\/\/psychologue-marville.com\/?s={search_term_string}"},"query-input":{"@type":"PropertyValueSpecification","valueRequired":true,"valueName":"search_term_string"}}],"inLanguage":"fr-FR"},{"@type":"Organization","@id":"https:\/\/psychologue-marville.com\/#organization","name":"Psychologue marville","url":"https:\/\/psychologue-marville.com\/","logo":{"@type":"ImageObject","inLanguage":"fr-FR","@id":"https:\/\/psychologue-marville.com\/#\/schema\/logo\/image\/","url":"https:\/\/psychologue-marville.com\/wp-content\/uploads\/2025\/06\/logo2-1.png","contentUrl":"https:\/\/psychologue-marville.com\/wp-content\/uploads\/2025\/06\/logo2-1.png","width":1024,"height":1024,"caption":"Psychologue marville"},"image":{"@id":"https:\/\/psychologue-marville.com\/#\/schema\/logo\/image\/"}}]}},"_links":{"self":[{"href":"https:\/\/psychologue-marville.com\/index.php\/wp-json\/wp\/v2\/pages\/638","targetHints":{"allow":["GET"]}}],"collection":[{"href":"https:\/\/psychologue-marville.com\/index.php\/wp-json\/wp\/v2\/pages"}],"about":[{"href":"https:\/\/psychologue-marville.com\/index.php\/wp-json\/wp\/v2\/types\/page"}],"author":[{"embeddable":true,"href":"https:\/\/psychologue-marville.com\/index.php\/wp-json\/wp\/v2\/users\/2"}],"replies":[{"embeddable":true,"href":"https:\/\/psychologue-marville.com\/index.php\/wp-json\/wp\/v2\/comments?post=638"}],"version-history":[{"count":14,"href":"https:\/\/psychologue-marville.com\/index.php\/wp-json\/wp\/v2\/pages\/638\/revisions"}],"predecessor-version":[{"id":1237,"href":"https:\/\/psychologue-marville.com\/index.php\/wp-json\/wp\/v2\/pages\/638\/revisions\/1237"}],"wp:attachment":[{"href":"https:\/\/psychologue-marville.com\/index.php\/wp-json\/wp\/v2\/media?parent=638"}],"curies":[{"name":"wp","href":"https:\/\/api.w.org\/{rel}","templated":true}]}}