{"id":160,"date":"2025-06-15T17:01:08","date_gmt":"2025-06-15T15:01:08","guid":{"rendered":"http:\/\/psychologue-marville.com\/?page_id=160"},"modified":"2026-02-06T21:32:31","modified_gmt":"2026-02-06T20:32:31","slug":"bilan-de-competences","status":"publish","type":"page","link":"https:\/\/psychologue-marville.com\/index.php\/bilan-de-competences\/","title":{"rendered":"Bilan de comp\u00e9tences"},"content":{"rendered":"\n<h3 class=\"wp-block-heading\">Bilan de comp\u00e9tence<\/h3>\n\n\n\n<p>Un bilan de comp\u00e9tences s&rsquo;adresse \u00e0 tous sans conditions de niveau scolaire, d&rsquo;\u00e2ge ou de statut social. C&rsquo;est une d\u00e9marche personnelle dont le b\u00e9n\u00e9ficiaire est seul destinataire des r\u00e9sultats d\u00e9taill\u00e9s et du document de synth\u00e8se. le bilan de comp\u00e9tences peut \u00eatre propos\u00e9 dans le cadre d&rsquo;un plan de formation \u00e0 l&rsquo;initiative de l&#8217;employeur ou lors d&rsquo;un cong\u00e9 de bilan de comp\u00e9tences \u00e0 l&rsquo;initiative du salari\u00e9.<\/p>\n\n\n\n<div class=\"wp-block-columns is-layout-flex wp-container-core-columns-is-layout-28f84493 wp-block-columns-is-layout-flex\">\n<div class=\"wp-block-column is-vertically-aligned-center is-layout-flow wp-block-column-is-layout-flow\">\n<figure class=\"wp-block-image aligncenter size-large\"><img loading=\"lazy\" decoding=\"async\" width=\"811\" height=\"1024\" src=\"https:\/\/psychologue-marville.com\/wp-content\/uploads\/2025\/10\/escalier-3126492_1280-811x1024.jpg\" alt=\"\" class=\"wp-image-819\" style=\"aspect-ratio:3\/2;object-fit:cover\" srcset=\"https:\/\/psychologue-marville.com\/wp-content\/uploads\/2025\/10\/escalier-3126492_1280-811x1024.jpg 811w, https:\/\/psychologue-marville.com\/wp-content\/uploads\/2025\/10\/escalier-3126492_1280-238x300.jpg 238w, https:\/\/psychologue-marville.com\/wp-content\/uploads\/2025\/10\/escalier-3126492_1280-768x969.jpg 768w, https:\/\/psychologue-marville.com\/wp-content\/uploads\/2025\/10\/escalier-3126492_1280.jpg 1014w\" sizes=\"auto, (max-width: 811px) 100vw, 811px\" \/><\/figure>\n<\/div>\n\n\n\n<div class=\"wp-block-column is-layout-flow wp-block-column-is-layout-flow\">\n<p><strong>Un bilan de comp\u00e9tences \u00e0 pour objet :<\/strong><\/p>\n\n\n\n<ul class=\"wp-block-list\">\n<li>D&rsquo;analyser vos comp\u00e9tences professionnelles et personnelles<\/li>\n\n\n\n<li>D&rsquo;analyser vos aptitudes et vos motivations afin de d\u00e9finir un projet professionnelle, et le cas \u00e9ch\u00e9ant un projet de formation<\/li>\n\n\n\n<li>Un processus individuel dans le cadre d&rsquo;une  \u00ab\u00a0m\u00e9diation sociale\u00a0\u00bb pour identifier les potentialit\u00e9s personnelles et professionnelles, afin de les utiliser dans la cr\u00e9ation et la mise en \u0153uvre de projets d&rsquo;insertion sociale et professionnelle.<\/li>\n<\/ul>\n<\/div>\n<\/div>\n\n\n\n<p><strong>Phase pr\u00e9liminaire :<\/strong><\/p>\n\n\n\n<ul class=\"wp-block-list\">\n<li>Vous informer du d\u00e9roul\u00e9 du bilan, des m\u00e9thodes et techniques susceptibles d&rsquo;\u00eatre propos\u00e9s<\/li>\n\n\n\n<li>De clarifier et pr\u00e9ciser avec vous vos souhaits d&rsquo;\u00e9volution ou de changement<\/li>\n\n\n\n<li>D\u00e9finir les modalit\u00e9s de d\u00e9roulement du bilan.<\/li>\n<\/ul>\n\n\n\n<p><strong>Phase d&rsquo;investigation :<\/strong><\/p>\n\n\n\n<ul class=\"wp-block-list\">\n<li>Comprendre et analyser vos valeurs, int\u00e9r\u00eats et motivations<\/li>\n\n\n\n<li>Identifier les comp\u00e9tences, connaissances, et aptitudes<\/li>\n\n\n\n<li>Questionner vos possibilit\u00e9s d&rsquo;\u00e9volution professionnelle ou de reconversion<\/li>\n\n\n\n<li>Pr\u00e9ciser ensemble les orientations professionnelles dans lesquelles les comp\u00e9tences pourraient \u00eatre mobilis\u00e9es<\/li>\n\n\n\n<li>Construire un projet d&rsquo;\u00e9volution, de changement ou de reconversion, n\u00e9cessitant ou non une formation.<\/li>\n<\/ul>\n\n\n\n<p><strong>Phase conclusive :<\/strong><\/p>\n\n\n\n<ul class=\"wp-block-list\">\n<li>S&rsquo;approprier les r\u00e9sultats de la phase d&rsquo;investigation<\/li>\n\n\n\n<li>R\u00e9pertorier les ressources et obstacles dans le processus de r\u00e9alisation du projet<\/li>\n\n\n\n<li>D\u00e9finir les actions \u00e0 mettre \u00e0 mettre en \u0153uvre <\/li>\n\n\n\n<li>Planifier de fa\u00e7on d\u00e9taill\u00e9e les diff\u00e9rentes \u00e9tapes pour r\u00e9aliser les projet.<\/li>\n<\/ul>\n\n\n\n<p><strong>Les tests en bilan de comp\u00e9tences<\/strong><\/p>\n\n\n\n<p>Il vous sera propos\u00e9 de passer un test de personnalit\u00e9, simple d&rsquo;acc\u00e8s, notamment le PCM (Process Communication Model) qui identifie 6 types de personnalit\u00e9s permettant de comprendre sa personnalit\u00e9 au travail en interactions avec ses coll\u00e8gues et ses collaborateurs. Cet outil est aussi une aide pr\u00e9cieuse aux recrutements. <\/p>\n\n\n\n<p>D&rsquo;autres tests comme le test de personnalit\u00e9 Boussole, peuvent vous \u00eatre propos\u00e9s. Il est utile pour analyser vos forces et faiblesses, identifier des secteurs compatibles avec vos comp\u00e9tences et vos centres d&rsquo;int\u00e9r\u00eats.<\/p>\n\n\n\n<style>\n.bilan_btn a{\nfont-weight: bold;\n}\n<\/style>\n","protected":false},"excerpt":{"rendered":"<p>Bilan de comp\u00e9tence Un bilan de comp\u00e9tences s&rsquo;adresse \u00e0 tous sans conditions de niveau scolaire, d&rsquo;\u00e2ge ou de statut social. C&rsquo;est une d\u00e9marche personnelle dont le b\u00e9n\u00e9ficiaire est seul destinataire des r\u00e9sultats d\u00e9taill\u00e9s et du document de synth\u00e8se. le bilan de comp\u00e9tences peut \u00eatre propos\u00e9 dans le cadre d&rsquo;un plan de formation \u00e0 l&rsquo;initiative de [&hellip;]<\/p>\n","protected":false},"author":1,"featured_media":0,"parent":0,"menu_order":0,"comment_status":"closed","ping_status":"closed","template":"","meta":{"footnotes":""},"class_list":["post-160","page","type-page","status-publish","hentry"],"yoast_head":"<!-- This site is optimized with the Yoast SEO plugin v26.9 - https:\/\/yoast.com\/product\/yoast-seo-wordpress\/ -->\n<title>Bilan de comp\u00e9tence - Psychologue du travail \u00e0 Troyes<\/title>\n<meta name=\"description\" content=\"Un bilan de comp\u00e9tences s\u2019adresse \u00e0 tous sans conditions de niveau scolaire, d\u2019\u00e2ge ou de statut social. C\u2019est une d\u00e9marche personnelle ....\" \/>\n<meta name=\"robots\" content=\"index, follow, max-snippet:-1, max-image-preview:large, max-video-preview:-1\" \/>\n<link rel=\"canonical\" href=\"https:\/\/psychologue-marville.com\/index.php\/bilan-de-competences\/\" \/>\n<meta property=\"og:locale\" content=\"fr_FR\" \/>\n<meta property=\"og:type\" content=\"article\" \/>\n<meta property=\"og:title\" content=\"Bilan de comp\u00e9tence - Psychologue du travail \u00e0 Troyes\" \/>\n<meta property=\"og:description\" content=\"Un bilan de comp\u00e9tences s\u2019adresse \u00e0 tous sans conditions de niveau scolaire, d\u2019\u00e2ge ou de statut social. C\u2019est une d\u00e9marche personnelle ....\" \/>\n<meta property=\"og:url\" content=\"https:\/\/psychologue-marville.com\/index.php\/bilan-de-competences\/\" \/>\n<meta property=\"article:modified_time\" content=\"2026-02-06T20:32:31+00:00\" \/>\n<meta property=\"og:image\" content=\"https:\/\/psychologue-marville.com\/wp-content\/uploads\/2025\/10\/escalier-3126492_1280.jpg\" \/>\n\t<meta property=\"og:image:width\" content=\"1014\" \/>\n\t<meta property=\"og:image:height\" content=\"1280\" \/>\n\t<meta property=\"og:image:type\" content=\"image\/jpeg\" \/>\n<meta name=\"twitter:card\" content=\"summary_large_image\" \/>\n<meta name=\"twitter:label1\" content=\"Dur\u00e9e de lecture estim\u00e9e\" \/>\n\t<meta name=\"twitter:data1\" content=\"2 minutes\" \/>\n<script type=\"application\/ld+json\" class=\"yoast-schema-graph\">{\"@context\":\"https:\/\/schema.org\",\"@graph\":[{\"@type\":\"WebPage\",\"@id\":\"https:\/\/psychologue-marville.com\/index.php\/bilan-de-competences\/\",\"url\":\"https:\/\/psychologue-marville.com\/index.php\/bilan-de-competences\/\",\"name\":\"Bilan de comp\u00e9tence - Psychologue du travail \u00e0 Troyes\",\"isPartOf\":{\"@id\":\"https:\/\/psychologue-marville.com\/#website\"},\"primaryImageOfPage\":{\"@id\":\"https:\/\/psychologue-marville.com\/index.php\/bilan-de-competences\/#primaryimage\"},\"image\":{\"@id\":\"https:\/\/psychologue-marville.com\/index.php\/bilan-de-competences\/#primaryimage\"},\"thumbnailUrl\":\"https:\/\/psychologue-marville.com\/wp-content\/uploads\/2025\/10\/escalier-3126492_1280-811x1024.jpg\",\"datePublished\":\"2025-06-15T15:01:08+00:00\",\"dateModified\":\"2026-02-06T20:32:31+00:00\",\"description\":\"Un bilan de comp\u00e9tences s\u2019adresse \u00e0 tous sans conditions de niveau scolaire, d\u2019\u00e2ge ou de statut social. C\u2019est une d\u00e9marche personnelle ....\",\"breadcrumb\":{\"@id\":\"https:\/\/psychologue-marville.com\/index.php\/bilan-de-competences\/#breadcrumb\"},\"inLanguage\":\"fr-FR\",\"potentialAction\":[{\"@type\":\"ReadAction\",\"target\":[\"https:\/\/psychologue-marville.com\/index.php\/bilan-de-competences\/\"]}]},{\"@type\":\"ImageObject\",\"inLanguage\":\"fr-FR\",\"@id\":\"https:\/\/psychologue-marville.com\/index.php\/bilan-de-competences\/#primaryimage\",\"url\":\"https:\/\/psychologue-marville.com\/wp-content\/uploads\/2025\/10\/escalier-3126492_1280.jpg\",\"contentUrl\":\"https:\/\/psychologue-marville.com\/wp-content\/uploads\/2025\/10\/escalier-3126492_1280.jpg\",\"width\":1014,\"height\":1280},{\"@type\":\"BreadcrumbList\",\"@id\":\"https:\/\/psychologue-marville.com\/index.php\/bilan-de-competences\/#breadcrumb\",\"itemListElement\":[{\"@type\":\"ListItem\",\"position\":1,\"name\":\"Accueil\",\"item\":\"https:\/\/psychologue-marville.com\/\"},{\"@type\":\"ListItem\",\"position\":2,\"name\":\"Bilan de comp\u00e9tences\"}]},{\"@type\":\"WebSite\",\"@id\":\"https:\/\/psychologue-marville.com\/#website\",\"url\":\"https:\/\/psychologue-marville.com\/\",\"name\":\"Psychologue marville\",\"description\":\"\",\"publisher\":{\"@id\":\"https:\/\/psychologue-marville.com\/#organization\"},\"potentialAction\":[{\"@type\":\"SearchAction\",\"target\":{\"@type\":\"EntryPoint\",\"urlTemplate\":\"https:\/\/psychologue-marville.com\/?s={search_term_string}\"},\"query-input\":{\"@type\":\"PropertyValueSpecification\",\"valueRequired\":true,\"valueName\":\"search_term_string\"}}],\"inLanguage\":\"fr-FR\"},{\"@type\":\"Organization\",\"@id\":\"https:\/\/psychologue-marville.com\/#organization\",\"name\":\"Psychologue marville\",\"url\":\"https:\/\/psychologue-marville.com\/\",\"logo\":{\"@type\":\"ImageObject\",\"inLanguage\":\"fr-FR\",\"@id\":\"https:\/\/psychologue-marville.com\/#\/schema\/logo\/image\/\",\"url\":\"https:\/\/psychologue-marville.com\/wp-content\/uploads\/2025\/06\/logo2-1.png\",\"contentUrl\":\"https:\/\/psychologue-marville.com\/wp-content\/uploads\/2025\/06\/logo2-1.png\",\"width\":1024,\"height\":1024,\"caption\":\"Psychologue marville\"},\"image\":{\"@id\":\"https:\/\/psychologue-marville.com\/#\/schema\/logo\/image\/\"}}]}<\/script>\n<!-- \/ Yoast SEO plugin. -->","yoast_head_json":{"title":"Bilan de comp\u00e9tence - Psychologue du travail \u00e0 Troyes","description":"Un bilan de comp\u00e9tences s\u2019adresse \u00e0 tous sans conditions de niveau scolaire, d\u2019\u00e2ge ou de statut social. C\u2019est une d\u00e9marche personnelle ....","robots":{"index":"index","follow":"follow","max-snippet":"max-snippet:-1","max-image-preview":"max-image-preview:large","max-video-preview":"max-video-preview:-1"},"canonical":"https:\/\/psychologue-marville.com\/index.php\/bilan-de-competences\/","og_locale":"fr_FR","og_type":"article","og_title":"Bilan de comp\u00e9tence - Psychologue du travail \u00e0 Troyes","og_description":"Un bilan de comp\u00e9tences s\u2019adresse \u00e0 tous sans conditions de niveau scolaire, d\u2019\u00e2ge ou de statut social. C\u2019est une d\u00e9marche personnelle ....","og_url":"https:\/\/psychologue-marville.com\/index.php\/bilan-de-competences\/","article_modified_time":"2026-02-06T20:32:31+00:00","og_image":[{"width":1014,"height":1280,"url":"https:\/\/psychologue-marville.com\/wp-content\/uploads\/2025\/10\/escalier-3126492_1280.jpg","type":"image\/jpeg"}],"twitter_card":"summary_large_image","twitter_misc":{"Dur\u00e9e de lecture estim\u00e9e":"2 minutes"},"schema":{"@context":"https:\/\/schema.org","@graph":[{"@type":"WebPage","@id":"https:\/\/psychologue-marville.com\/index.php\/bilan-de-competences\/","url":"https:\/\/psychologue-marville.com\/index.php\/bilan-de-competences\/","name":"Bilan de comp\u00e9tence - Psychologue du travail \u00e0 Troyes","isPartOf":{"@id":"https:\/\/psychologue-marville.com\/#website"},"primaryImageOfPage":{"@id":"https:\/\/psychologue-marville.com\/index.php\/bilan-de-competences\/#primaryimage"},"image":{"@id":"https:\/\/psychologue-marville.com\/index.php\/bilan-de-competences\/#primaryimage"},"thumbnailUrl":"https:\/\/psychologue-marville.com\/wp-content\/uploads\/2025\/10\/escalier-3126492_1280-811x1024.jpg","datePublished":"2025-06-15T15:01:08+00:00","dateModified":"2026-02-06T20:32:31+00:00","description":"Un bilan de comp\u00e9tences s\u2019adresse \u00e0 tous sans conditions de niveau scolaire, d\u2019\u00e2ge ou de statut social. C\u2019est une d\u00e9marche personnelle ....","breadcrumb":{"@id":"https:\/\/psychologue-marville.com\/index.php\/bilan-de-competences\/#breadcrumb"},"inLanguage":"fr-FR","potentialAction":[{"@type":"ReadAction","target":["https:\/\/psychologue-marville.com\/index.php\/bilan-de-competences\/"]}]},{"@type":"ImageObject","inLanguage":"fr-FR","@id":"https:\/\/psychologue-marville.com\/index.php\/bilan-de-competences\/#primaryimage","url":"https:\/\/psychologue-marville.com\/wp-content\/uploads\/2025\/10\/escalier-3126492_1280.jpg","contentUrl":"https:\/\/psychologue-marville.com\/wp-content\/uploads\/2025\/10\/escalier-3126492_1280.jpg","width":1014,"height":1280},{"@type":"BreadcrumbList","@id":"https:\/\/psychologue-marville.com\/index.php\/bilan-de-competences\/#breadcrumb","itemListElement":[{"@type":"ListItem","position":1,"name":"Accueil","item":"https:\/\/psychologue-marville.com\/"},{"@type":"ListItem","position":2,"name":"Bilan de comp\u00e9tences"}]},{"@type":"WebSite","@id":"https:\/\/psychologue-marville.com\/#website","url":"https:\/\/psychologue-marville.com\/","name":"Psychologue marville","description":"","publisher":{"@id":"https:\/\/psychologue-marville.com\/#organization"},"potentialAction":[{"@type":"SearchAction","target":{"@type":"EntryPoint","urlTemplate":"https:\/\/psychologue-marville.com\/?s={search_term_string}"},"query-input":{"@type":"PropertyValueSpecification","valueRequired":true,"valueName":"search_term_string"}}],"inLanguage":"fr-FR"},{"@type":"Organization","@id":"https:\/\/psychologue-marville.com\/#organization","name":"Psychologue marville","url":"https:\/\/psychologue-marville.com\/","logo":{"@type":"ImageObject","inLanguage":"fr-FR","@id":"https:\/\/psychologue-marville.com\/#\/schema\/logo\/image\/","url":"https:\/\/psychologue-marville.com\/wp-content\/uploads\/2025\/06\/logo2-1.png","contentUrl":"https:\/\/psychologue-marville.com\/wp-content\/uploads\/2025\/06\/logo2-1.png","width":1024,"height":1024,"caption":"Psychologue marville"},"image":{"@id":"https:\/\/psychologue-marville.com\/#\/schema\/logo\/image\/"}}]}},"_links":{"self":[{"href":"https:\/\/psychologue-marville.com\/index.php\/wp-json\/wp\/v2\/pages\/160","targetHints":{"allow":["GET"]}}],"collection":[{"href":"https:\/\/psychologue-marville.com\/index.php\/wp-json\/wp\/v2\/pages"}],"about":[{"href":"https:\/\/psychologue-marville.com\/index.php\/wp-json\/wp\/v2\/types\/page"}],"author":[{"embeddable":true,"href":"https:\/\/psychologue-marville.com\/index.php\/wp-json\/wp\/v2\/users\/1"}],"replies":[{"embeddable":true,"href":"https:\/\/psychologue-marville.com\/index.php\/wp-json\/wp\/v2\/comments?post=160"}],"version-history":[{"count":114,"href":"https:\/\/psychologue-marville.com\/index.php\/wp-json\/wp\/v2\/pages\/160\/revisions"}],"predecessor-version":[{"id":1040,"href":"https:\/\/psychologue-marville.com\/index.php\/wp-json\/wp\/v2\/pages\/160\/revisions\/1040"}],"wp:attachment":[{"href":"https:\/\/psychologue-marville.com\/index.php\/wp-json\/wp\/v2\/media?parent=160"}],"curies":[{"name":"wp","href":"https:\/\/api.w.org\/{rel}","templated":true}]}}